{"id":299,"date":"2016-04-28T09:34:38","date_gmt":"2016-04-28T09:34:38","guid":{"rendered":"http:\/\/falcon-is.com\/?page_id=299"},"modified":"2016-04-28T11:12:21","modified_gmt":"2016-04-28T11:12:21","slug":"fcy100-derz-asfalt-kesme-makineleri","status":"publish","type":"page","link":"https:\/\/falcon-is.com\/tr\/fcy100-derz-asfalt-kesme-makineleri\/","title":{"rendered":"FCY100 Derz Asfalt Kesme Makineleri"},"content":{"rendered":"<p>[et_pb_section admin_label=&#8221;section&#8221; background_image=&#8221;http:\/\/falcon-is.com\/wp-content\/uploads\/2016\/04\/BG2.jpg&#8221; transparent_background=&#8221;off&#8221; allow_player_pause=&#8221;off&#8221; inner_shadow=&#8221;off&#8221; parallax=&#8221;off&#8221; parallax_method=&#8221;off&#8221; padding_mobile=&#8221;off&#8221; make_fullwidth=&#8221;off&#8221; use_custom_width=&#8221;off&#8221; width_unit=&#8221;on&#8221; make_equal=&#8221;off&#8221; use_custom_gutter=&#8221;off&#8221;][et_pb_row admin_label=&#8221;row&#8221; make_fullwidth=&#8221;off&#8221; use_custom_width=&#8221;off&#8221; width_unit=&#8221;on&#8221; use_custom_gutter=&#8221;off&#8221; padding_mobile=&#8221;off&#8221; background_color=&#8221;#ffffff&#8221; allow_player_pause=&#8221;off&#8221; parallax=&#8221;off&#8221; parallax_method=&#8221;off&#8221; make_equal=&#8221;off&#8221; column_padding_mobile=&#8221;on&#8221;][et_pb_column type=&#8221;1_2&#8243;][et_pb_image admin_label=&#8221;G\u00f6r\u00fcnt\u00fc&#8221; src=&#8221;http:\/\/falcon-is.com\/wp-content\/uploads\/2016\/04\/fcy140.jpg&#8221; show_in_lightbox=&#8221;on&#8221; url_new_window=&#8221;off&#8221; use_overlay=&#8221;off&#8221; animation=&#8221;left&#8221; sticky=&#8221;off&#8221; align=&#8221;left&#8221; force_fullwidth=&#8221;off&#8221; always_center_on_mobile=&#8221;on&#8221; use_border_color=&#8221;off&#8221; border_color=&#8221;#ffffff&#8221; border_style=&#8221;solid&#8221; \/][\/et_pb_column][et_pb_column type=&#8221;1_2&#8243;][et_pb_text admin_label=&#8221;Metin&#8221; background_layout=&#8221;light&#8221; text_orientation=&#8221;left&#8221; use_border_color=&#8221;off&#8221; border_color=&#8221;#ffffff&#8221; border_style=&#8221;solid&#8221;]<\/p>\n<table width=\"548\">\n<tbody>\n<tr>\n<td width=\"265\">MODEL<\/td>\n<td width=\"283\">FCY100<\/td>\n<\/tr>\n<tr>\n<td>\u00d6l\u00e7\u00fcler ( Boy x En x Y\u00fckseklik )<\/td>\n<td>1260X550X1020 mm<\/td>\n<\/tr>\n<tr>\n<td>\u0130z G\u00f6stergesi<\/td>\n<td>685 mm<\/td>\n<\/tr>\n<tr>\n<td>A\u011f\u0131rl\u0131k<\/td>\n<td>85-110 kg<\/td>\n<\/tr>\n<tr>\n<td>Hareket \u0130letimi<\/td>\n<td>3 l\u00fc V Kay\u0131\u015f<\/td>\n<\/tr>\n<tr>\n<td>Max. Kullan\u0131labilir B\u0131\u00e7ak \u00c7ap\u0131<\/td>\n<td>\u00d8 350 mm<\/td>\n<\/tr>\n<tr>\n<td>Max Kesme Derinli\u011fi<\/td>\n<td>130 mm<\/td>\n<\/tr>\n<tr>\n<td rowspan=\"2\">Y\u00fcr\u00fcy\u00fc\u015f<\/td>\n<td rowspan=\"2\">Manuel<\/td>\n<\/tr>\n<\/tbody>\n<\/table>\n<table width=\"548\">\n<tbody>\n<tr>\n<td width=\"265\">Su Tank\u0131<\/td>\n<td width=\"283\">30 lt<\/td>\n<\/tr>\n<tr>\n<td>Elektrikli Motor<\/td>\n<td>5,5 KW<\/td>\n<\/tr>\n<tr>\n<td width=\"265\">Benzinli Motor<\/td>\n<td width=\"283\">Honda GX270(270 cc)<\/td>\n<\/tr>\n<tr>\n<td width=\"265\"><\/td>\n<td>B&amp;S 1450 (306 cc)<\/td>\n<\/tr>\n<tr>\n<td>Dizel Motor<\/td>\n<td width=\"283\">Hatz 1B30(6,3 HP )<\/td>\n<\/tr>\n<tr>\n<td><\/td>\n<td width=\"283\">Lombardini 15LD350(7,5 HP)<\/td>\n<\/tr>\n<tr>\n<td rowspan=\"4\" width=\"265\">Standart \u00d6zellikler<\/td>\n<td rowspan=\"4\" width=\"283\">Otomatik Su Sprey Sistemi -Otomatik Ya\u011flama Sistemi -Harici Su Kayna\u011f\u0131 Ba\u011flant\u0131s\u0131<br \/>\nDik Motor Sayesinde %30 daha uzun Motor \u00d6mr\u00fc-Merkezi Su Spreyleme Sistemi Sayesinde %22 Faha Uzun B\u0131\u00e7ak \u00d6mr\u00fc<br \/>\nKesme derinli\u011fi Sabitleme Sistemi -Kesme Derinlik G\u00f6stergesi -Kolay B\u0131\u00e7ak De\u011fi\u015ftirme Sistemi &#8211;<br \/>\nKolay BAk\u0131m ve Koalyca Eri\u015filebilir V Kay\u0131\u015f Gerdirme Sistemi &#8211; Y\u00fckleme ve \u0130ndirme i\u00e7in Kald\u0131rma Kanca Yeri &#8211; Park Freni<\/td>\n<\/tr>\n<\/tbody>\n<\/table>\n<p>[\/et_pb_text][\/et_pb_column][\/et_pb_row][\/et_pb_section]<\/p>","protected":false},"excerpt":{"rendered":"<p>[et_pb_section admin_label=&#8221;section&#8221; background_image=&#8221;http:\/\/falcon-is.com\/wp-content\/uploads\/2016\/04\/BG2.jpg&#8221; transparent_background=&#8221;off&#8221; allow_player_pause=&#8221;off&#8221; inner_shadow=&#8221;off&#8221; parallax=&#8221;off&#8221; parallax_method=&#8221;off&#8221; padding_mobile=&#8221;off&#8221; make_fullwidth=&#8221;off&#8221; use_custom_width=&#8221;off&#8221; width_unit=&#8221;on&#8221; make_equal=&#8221;off&#8221; use_custom_gutter=&#8221;off&#8221;][et_pb_row admin_label=&#8221;row&#8221; make_fullwidth=&#8221;off&#8221; use_custom_width=&#8221;off&#8221; width_unit=&#8221;on&#8221; use_custom_gutter=&#8221;off&#8221; padding_mobile=&#8221;off&#8221; background_color=&#8221;#ffffff&#8221; allow_player_pause=&#8221;off&#8221; parallax=&#8221;off&#8221; parallax_method=&#8221;off&#8221; make_equal=&#8221;off&#8221; column_padding_mobile=&#8221;on&#8221;][et_pb_column type=&#8221;1_2&#8243;][et_pb_image admin_label=&#8221;G\u00f6r\u00fcnt\u00fc&#8221; src=&#8221;http:\/\/falcon-is.com\/wp-content\/uploads\/2016\/04\/fcy140.jpg&#8221; show_in_lightbox=&#8221;on&#8221; url_new_window=&#8221;off&#8221; use_overlay=&#8221;off&#8221; animation=&#8221;left&#8221; sticky=&#8221;off&#8221; align=&#8221;left&#8221; force_fullwidth=&#8221;off&#8221; always_center_on_mobile=&#8221;on&#8221; use_border_color=&#8221;off&#8221; border_color=&#8221;#ffffff&#8221; border_style=&#8221;solid&#8221; \/][\/et_pb_column][et_pb_column type=&#8221;1_2&#8243;][et_pb_text admin_label=&#8221;Metin&#8221; background_layout=&#8221;light&#8221; text_orientation=&#8221;left&#8221; use_border_color=&#8221;off&#8221; border_color=&#8221;#ffffff&#8221; border_style=&#8221;solid&#8221;] MODEL FCY100 \u00d6l\u00e7\u00fcler ( Boy x En [&hellip;]<\/p>\n","protected":false},"author":1,"featured_media":0,"parent":0,"menu_order":0,"comment_status":"closed","ping_status":"closed","template":"","meta":[],"_links":{"self":[{"href":"https:\/\/falcon-is.com\/tr\/wp-json\/wp\/v2\/pages\/299"}],"collection":[{"href":"https:\/\/falcon-is.com\/tr\/wp-json\/wp\/v2\/pages"}],"about":[{"href":"https:\/\/falcon-is.com\/tr\/wp-json\/wp\/v2\/types\/page"}],"author":[{"embeddable":true,"href":"https:\/\/falcon-is.com\/tr\/wp-json\/wp\/v2\/users\/1"}],"replies":[{"embeddable":true,"href":"https:\/\/falcon-is.com\/tr\/wp-json\/wp\/v2\/comments?post=299"}],"version-history":[{"count":1,"href":"https:\/\/falcon-is.com\/tr\/wp-json\/wp\/v2\/pages\/299\/revisions"}],"predecessor-version":[{"id":300,"href":"https:\/\/falcon-is.com\/tr\/wp-json\/wp\/v2\/pages\/299\/revisions\/300"}],"wp:attachment":[{"href":"https:\/\/falcon-is.com\/tr\/wp-json\/wp\/v2\/media?parent=299"}],"curies":[{"name":"wp","href":"https:\/\/api.w.org\/{rel}","templated":true}]}}