{"id":277,"date":"2016-04-28T08:58:13","date_gmt":"2016-04-28T08:58:13","guid":{"rendered":"http:\/\/falcon-is.com\/?page_id=277"},"modified":"2016-04-28T11:14:33","modified_gmt":"2016-04-28T11:14:33","slug":"c3500-ileri-geri-kompaktor","status":"publish","type":"page","link":"https:\/\/falcon-is.com\/tr\/c3500-ileri-geri-kompaktor\/","title":{"rendered":"C3500 \u0130leri Geri Kompakt\u00f6r"},"content":{"rendered":"<p>[et_pb_section admin_label=&#8221;section&#8221; background_image=&#8221;http:\/\/falcon-is.com\/wp-content\/uploads\/2016\/04\/BG2.jpg&#8221; transparent_background=&#8221;off&#8221; allow_player_pause=&#8221;off&#8221; inner_shadow=&#8221;off&#8221; parallax=&#8221;off&#8221; parallax_method=&#8221;off&#8221; padding_mobile=&#8221;off&#8221; make_fullwidth=&#8221;off&#8221; use_custom_width=&#8221;off&#8221; width_unit=&#8221;on&#8221; make_equal=&#8221;off&#8221; use_custom_gutter=&#8221;off&#8221;][et_pb_row admin_label=&#8221;row&#8221; make_fullwidth=&#8221;off&#8221; use_custom_width=&#8221;off&#8221; width_unit=&#8221;on&#8221; use_custom_gutter=&#8221;off&#8221; padding_mobile=&#8221;off&#8221; background_color=&#8221;#ffffff&#8221; allow_player_pause=&#8221;off&#8221; parallax=&#8221;off&#8221; parallax_method=&#8221;off&#8221; make_equal=&#8221;off&#8221; column_padding_mobile=&#8221;on&#8221;][et_pb_column type=&#8221;1_2&#8243;][et_pb_image admin_label=&#8221;G\u00f6r\u00fcnt\u00fc&#8221; src=&#8221;http:\/\/falcon-is.com\/wp-content\/uploads\/2016\/04\/c3500ilerigerikompaktor.jpg&#8221; show_in_lightbox=&#8221;on&#8221; url_new_window=&#8221;off&#8221; use_overlay=&#8221;off&#8221; animation=&#8221;left&#8221; sticky=&#8221;off&#8221; align=&#8221;left&#8221; force_fullwidth=&#8221;off&#8221; always_center_on_mobile=&#8221;on&#8221; use_border_color=&#8221;off&#8221; border_color=&#8221;#ffffff&#8221; border_style=&#8221;solid&#8221; \/][\/et_pb_column][et_pb_column type=&#8221;1_2&#8243;][et_pb_text admin_label=&#8221;Metin&#8221; background_layout=&#8221;light&#8221; text_orientation=&#8221;left&#8221; use_border_color=&#8221;off&#8221; border_color=&#8221;#ffffff&#8221; border_style=&#8221;solid&#8221;]<\/p>\n<table width=\"546\">\n<tbody>\n<tr>\n<td width=\"250\">MODEL<\/td>\n<td width=\"296\">C3500 \u0130LER\u0130 &#8211; GER\u0130<\/td>\n<\/tr>\n<tr>\n<td>\u00d6l\u00e7\u00fcler ( Boy x En x Y\u00fckseklik ) Kullan\u0131m<\/td>\n<td>1450*390(520 geni\u015fletme aparat\u0131 ile)*1040 mm<\/td>\n<\/tr>\n<tr>\n<td>\u00d6l\u00e7\u00fcler ( Boy x En x Y\u00fckseklik ) Nakliye<\/td>\n<td>1450*390(520 geni\u015fletme aparat\u0131 ile)*1040 mm<\/td>\n<\/tr>\n<tr>\n<td>A\u011f\u0131rl\u0131k<\/td>\n<td>170 &#8211; 180 kg<\/td>\n<\/tr>\n<tr>\n<td>Kavrama<\/td>\n<td>Otomatik Santrif\u00fcj Tip<\/td>\n<\/tr>\n<tr>\n<td>Vurma Kuvveti<\/td>\n<td>3500 kg<\/td>\n<\/tr>\n<tr>\n<td>Etki Derinli\u011fi<\/td>\n<td>250-300 mm<\/td>\n<\/tr>\n<tr>\n<td>Tabla Ebad\u0131<\/td>\n<td>31&#215;70 cm ( 51 cm geni\u015fletme tablas\u0131 ile )<\/td>\n<\/tr>\n<tr>\n<td>Uygulama H\u0131z\u0131<\/td>\n<td>25 m\/dk<\/td>\n<\/tr>\n<tr>\n<td>Max. T\u0131rmanma<\/td>\n<td>&#8211;<\/td>\n<\/tr>\n<tr>\n<td>Elektrikli Motor<\/td>\n<td>&#8211;<\/td>\n<\/tr>\n<tr>\n<td width=\"250\">Benzinli Motor<\/td>\n<td>Honda GX270 (270 cc)<\/td>\n<\/tr>\n<tr>\n<td width=\"250\"><\/td>\n<td>B&amp;S 1450 (306 cc)<\/td>\n<\/tr>\n<tr>\n<td width=\"250\"><\/td>\n<td><\/td>\n<\/tr>\n<tr>\n<td width=\"250\"><\/td>\n<td><\/td>\n<\/tr>\n<tr>\n<td>Dizel Motor<\/td>\n<td width=\"296\">Lombardini 15LD350(7,5HP)<br \/>\nHatz 1B30(6,5HP)<\/td>\n<\/tr>\n<tr>\n<td><\/td>\n<td width=\"296\">Hatz 1B30(6,3 HP)<\/td>\n<\/tr>\n<tr>\n<td width=\"250\">Opsiyonel<\/td>\n<td width=\"296\">&#8211;<\/td>\n<\/tr>\n<\/tbody>\n<\/table>\n<p>[\/et_pb_text][\/et_pb_column][\/et_pb_row][\/et_pb_section]<\/p>","protected":false},"excerpt":{"rendered":"<p>[et_pb_section admin_label=&#8221;section&#8221; background_image=&#8221;http:\/\/falcon-is.com\/wp-content\/uploads\/2016\/04\/BG2.jpg&#8221; transparent_background=&#8221;off&#8221; allow_player_pause=&#8221;off&#8221; inner_shadow=&#8221;off&#8221; parallax=&#8221;off&#8221; parallax_method=&#8221;off&#8221; padding_mobile=&#8221;off&#8221; make_fullwidth=&#8221;off&#8221; use_custom_width=&#8221;off&#8221; width_unit=&#8221;on&#8221; make_equal=&#8221;off&#8221; use_custom_gutter=&#8221;off&#8221;][et_pb_row admin_label=&#8221;row&#8221; make_fullwidth=&#8221;off&#8221; use_custom_width=&#8221;off&#8221; width_unit=&#8221;on&#8221; use_custom_gutter=&#8221;off&#8221; padding_mobile=&#8221;off&#8221; background_color=&#8221;#ffffff&#8221; allow_player_pause=&#8221;off&#8221; parallax=&#8221;off&#8221; parallax_method=&#8221;off&#8221; make_equal=&#8221;off&#8221; column_padding_mobile=&#8221;on&#8221;][et_pb_column type=&#8221;1_2&#8243;][et_pb_image admin_label=&#8221;G\u00f6r\u00fcnt\u00fc&#8221; src=&#8221;http:\/\/falcon-is.com\/wp-content\/uploads\/2016\/04\/c3500ilerigerikompaktor.jpg&#8221; show_in_lightbox=&#8221;on&#8221; url_new_window=&#8221;off&#8221; use_overlay=&#8221;off&#8221; animation=&#8221;left&#8221; sticky=&#8221;off&#8221; align=&#8221;left&#8221; force_fullwidth=&#8221;off&#8221; always_center_on_mobile=&#8221;on&#8221; use_border_color=&#8221;off&#8221; border_color=&#8221;#ffffff&#8221; border_style=&#8221;solid&#8221; \/][\/et_pb_column][et_pb_column type=&#8221;1_2&#8243;][et_pb_text admin_label=&#8221;Metin&#8221; background_layout=&#8221;light&#8221; text_orientation=&#8221;left&#8221; use_border_color=&#8221;off&#8221; border_color=&#8221;#ffffff&#8221; border_style=&#8221;solid&#8221;] MODEL C3500 \u0130LER\u0130 &#8211; GER\u0130 \u00d6l\u00e7\u00fcler ( [&hellip;]<\/p>\n","protected":false},"author":1,"featured_media":0,"parent":0,"menu_order":0,"comment_status":"closed","ping_status":"closed","template":"","meta":[],"_links":{"self":[{"href":"https:\/\/falcon-is.com\/tr\/wp-json\/wp\/v2\/pages\/277"}],"collection":[{"href":"https:\/\/falcon-is.com\/tr\/wp-json\/wp\/v2\/pages"}],"about":[{"href":"https:\/\/falcon-is.com\/tr\/wp-json\/wp\/v2\/types\/page"}],"author":[{"embeddable":true,"href":"https:\/\/falcon-is.com\/tr\/wp-json\/wp\/v2\/users\/1"}],"replies":[{"embeddable":true,"href":"https:\/\/falcon-is.com\/tr\/wp-json\/wp\/v2\/comments?post=277"}],"version-history":[{"count":1,"href":"https:\/\/falcon-is.com\/tr\/wp-json\/wp\/v2\/pages\/277\/revisions"}],"predecessor-version":[{"id":278,"href":"https:\/\/falcon-is.com\/tr\/wp-json\/wp\/v2\/pages\/277\/revisions\/278"}],"wp:attachment":[{"href":"https:\/\/falcon-is.com\/tr\/wp-json\/wp\/v2\/media?parent=277"}],"curies":[{"name":"wp","href":"https:\/\/api.w.org\/{rel}","templated":true}]}}