{"id":263,"date":"2016-04-28T07:32:20","date_gmt":"2016-04-28T07:32:20","guid":{"rendered":"http:\/\/falcon-is.com\/?page_id=263"},"modified":"2016-04-28T11:34:50","modified_gmt":"2016-04-28T11:34:50","slug":"ucgen-modullu-mastar","status":"publish","type":"page","link":"https:\/\/falcon-is.com\/tr\/ucgen-modullu-mastar\/","title":{"rendered":"\u00dc\u00e7gen Mod\u00fcll\u00fc Mastar"},"content":{"rendered":"<p>[et_pb_section admin_label=&#8221;section&#8221; background_image=&#8221;http:\/\/falcon-is.com\/wp-content\/uploads\/2016\/04\/BG2.jpg&#8221; transparent_background=&#8221;off&#8221; allow_player_pause=&#8221;off&#8221; inner_shadow=&#8221;off&#8221; parallax=&#8221;off&#8221; parallax_method=&#8221;off&#8221; padding_mobile=&#8221;off&#8221; make_fullwidth=&#8221;off&#8221; use_custom_width=&#8221;off&#8221; width_unit=&#8221;on&#8221; make_equal=&#8221;off&#8221; use_custom_gutter=&#8221;off&#8221;][et_pb_row admin_label=&#8221;row&#8221; make_fullwidth=&#8221;off&#8221; use_custom_width=&#8221;off&#8221; width_unit=&#8221;on&#8221; use_custom_gutter=&#8221;off&#8221; padding_mobile=&#8221;off&#8221; background_color=&#8221;#ffffff&#8221; allow_player_pause=&#8221;off&#8221; parallax=&#8221;off&#8221; parallax_method=&#8221;off&#8221; make_equal=&#8221;off&#8221; column_padding_mobile=&#8221;on&#8221;][et_pb_column type=&#8221;4_4&#8243;][et_pb_image admin_label=&#8221;G\u00f6r\u00fcnt\u00fc&#8221; src=&#8221;http:\/\/falcon-is.com\/wp-content\/uploads\/2016\/04\/ucgenmastar.jpg&#8221; show_in_lightbox=&#8221;on&#8221; url_new_window=&#8221;off&#8221; use_overlay=&#8221;off&#8221; animation=&#8221;left&#8221; sticky=&#8221;off&#8221; align=&#8221;center&#8221; force_fullwidth=&#8221;off&#8221; always_center_on_mobile=&#8221;on&#8221; use_border_color=&#8221;off&#8221; border_color=&#8221;#ffffff&#8221; border_style=&#8221;solid&#8221;] [\/et_pb_image][et_pb_text admin_label=&#8221;Metin&#8221; background_layout=&#8221;light&#8221; text_orientation=&#8221;left&#8221; use_border_color=&#8221;off&#8221; border_color=&#8221;#ffffff&#8221; border_style=&#8221;solid&#8221;]<\/p>\n<table width=\"411\">\n<tbody>\n<tr>\n<td colspan=\"4\" width=\"411\">\u00dc\u00c7GEN MASTAR<\/td>\n<\/tr>\n<tr>\n<td>Profil Boyutlar\u0131<\/td>\n<td>610 mm<\/td>\n<td>1500 mm<\/td>\n<td>2300 mm<\/td>\n<\/tr>\n<tr>\n<td>Uzunluk<\/td>\n<td>610 mm<\/td>\n<td>1522 mm<\/td>\n<td>2286 mm<\/td>\n<\/tr>\n<tr>\n<td>Geni\u015flik<\/td>\n<td colspan=\"3\">450 mm<\/td>\n<\/tr>\n<tr>\n<td>Y\u00fckseklik<\/td>\n<td colspan=\"3\">430 mm<\/td>\n<\/tr>\n<tr>\n<td>A\u011f\u0131rl\u0131k<\/td>\n<td>20 kg<\/td>\n<td>44 kg<\/td>\n<td>63 kg<\/td>\n<\/tr>\n<tr>\n<td><\/td>\n<td><\/td>\n<td><\/td>\n<td><\/td>\n<\/tr>\n<tr>\n<td colspan=\"4\">Tahrik \u00dcnitesi<\/td>\n<\/tr>\n<tr>\n<td>Motor\u00a0 \u015easesi<\/td>\n<td colspan=\"3\">630x620x880 mm<\/td>\n<\/tr>\n<tr>\n<td rowspan=\"3\">Benzinli Motor<\/td>\n<td colspan=\"3\">Honda GX200 (196 cc)<\/td>\n<\/tr>\n<tr>\n<td colspan=\"3\">Honda GX270 (270 cc)<\/td>\n<\/tr>\n<tr>\n<td colspan=\"3\">Honda GX390 (389 cc)<\/td>\n<\/tr>\n<tr>\n<td>Elektrikli Motor<\/td>\n<td colspan=\"3\">4 KW -7,5 KW<\/td>\n<\/tr>\n<tr>\n<td rowspan=\"3\">Standart<\/td>\n<td colspan=\"3\">El Vinci<\/td>\n<\/tr>\n<tr>\n<td colspan=\"3\">\u00dc\u00e7gen Mastar Ba\u015f-Son Par\u00e7as\u0131<\/td>\n<\/tr>\n<tr>\n<td colspan=\"3\">Motor \u015easesi<\/td>\n<\/tr>\n<\/tbody>\n<\/table>\n<p>6m -22 m aras\u0131 farkl\u0131 boyultarda ve adetlerde profillerin birle\u015ftieilmesi ile olu\u015fur.<\/p>\n<p>[\/et_pb_text][\/et_pb_column][\/et_pb_row][\/et_pb_section]<\/p>","protected":false},"excerpt":{"rendered":"<p>[et_pb_section admin_label=&#8221;section&#8221; background_image=&#8221;http:\/\/falcon-is.com\/wp-content\/uploads\/2016\/04\/BG2.jpg&#8221; transparent_background=&#8221;off&#8221; allow_player_pause=&#8221;off&#8221; inner_shadow=&#8221;off&#8221; parallax=&#8221;off&#8221; parallax_method=&#8221;off&#8221; padding_mobile=&#8221;off&#8221; make_fullwidth=&#8221;off&#8221; use_custom_width=&#8221;off&#8221; width_unit=&#8221;on&#8221; make_equal=&#8221;off&#8221; use_custom_gutter=&#8221;off&#8221;][et_pb_row admin_label=&#8221;row&#8221; make_fullwidth=&#8221;off&#8221; use_custom_width=&#8221;off&#8221; width_unit=&#8221;on&#8221; use_custom_gutter=&#8221;off&#8221; padding_mobile=&#8221;off&#8221; background_color=&#8221;#ffffff&#8221; allow_player_pause=&#8221;off&#8221; parallax=&#8221;off&#8221; parallax_method=&#8221;off&#8221; make_equal=&#8221;off&#8221; column_padding_mobile=&#8221;on&#8221;][et_pb_column type=&#8221;4_4&#8243;][et_pb_image admin_label=&#8221;G\u00f6r\u00fcnt\u00fc&#8221; src=&#8221;http:\/\/falcon-is.com\/wp-content\/uploads\/2016\/04\/ucgenmastar.jpg&#8221; show_in_lightbox=&#8221;on&#8221; url_new_window=&#8221;off&#8221; use_overlay=&#8221;off&#8221; animation=&#8221;left&#8221; sticky=&#8221;off&#8221; align=&#8221;center&#8221; force_fullwidth=&#8221;off&#8221; always_center_on_mobile=&#8221;on&#8221; use_border_color=&#8221;off&#8221; border_color=&#8221;#ffffff&#8221; border_style=&#8221;solid&#8221;] [\/et_pb_image][et_pb_text admin_label=&#8221;Metin&#8221; background_layout=&#8221;light&#8221; text_orientation=&#8221;left&#8221; use_border_color=&#8221;off&#8221; border_color=&#8221;#ffffff&#8221; border_style=&#8221;solid&#8221;] \u00dc\u00c7GEN MASTAR Profil Boyutlar\u0131 610 mm 1500 mm [&hellip;]<\/p>\n","protected":false},"author":1,"featured_media":0,"parent":0,"menu_order":0,"comment_status":"closed","ping_status":"closed","template":"","meta":[],"_links":{"self":[{"href":"https:\/\/falcon-is.com\/tr\/wp-json\/wp\/v2\/pages\/263"}],"collection":[{"href":"https:\/\/falcon-is.com\/tr\/wp-json\/wp\/v2\/pages"}],"about":[{"href":"https:\/\/falcon-is.com\/tr\/wp-json\/wp\/v2\/types\/page"}],"author":[{"embeddable":true,"href":"https:\/\/falcon-is.com\/tr\/wp-json\/wp\/v2\/users\/1"}],"replies":[{"embeddable":true,"href":"https:\/\/falcon-is.com\/tr\/wp-json\/wp\/v2\/comments?post=263"}],"version-history":[{"count":2,"href":"https:\/\/falcon-is.com\/tr\/wp-json\/wp\/v2\/pages\/263\/revisions"}],"predecessor-version":[{"id":265,"href":"https:\/\/falcon-is.com\/tr\/wp-json\/wp\/v2\/pages\/263\/revisions\/265"}],"wp:attachment":[{"href":"https:\/\/falcon-is.com\/tr\/wp-json\/wp\/v2\/media?parent=263"}],"curies":[{"name":"wp","href":"https:\/\/api.w.org\/{rel}","templated":true}]}}