{"id":260,"date":"2016-04-28T07:26:52","date_gmt":"2016-04-28T07:26:52","guid":{"rendered":"http:\/\/falcon-is.com\/?page_id=260"},"modified":"2016-04-28T11:31:53","modified_gmt":"2016-04-28T11:31:53","slug":"cift-cubuklu-mastar","status":"publish","type":"page","link":"https:\/\/falcon-is.com\/tr\/cift-cubuklu-mastar\/","title":{"rendered":"\u00c7ift \u00c7ubuklu Mastar"},"content":{"rendered":"<p>[et_pb_section admin_label=&#8221;section&#8221; background_image=&#8221;http:\/\/falcon-is.com\/wp-content\/uploads\/2016\/04\/BG2.jpg&#8221; transparent_background=&#8221;off&#8221; allow_player_pause=&#8221;off&#8221; inner_shadow=&#8221;off&#8221; parallax=&#8221;off&#8221; parallax_method=&#8221;off&#8221; padding_mobile=&#8221;off&#8221; make_fullwidth=&#8221;off&#8221; use_custom_width=&#8221;off&#8221; width_unit=&#8221;on&#8221; make_equal=&#8221;off&#8221; use_custom_gutter=&#8221;off&#8221;][et_pb_row admin_label=&#8221;row&#8221; make_fullwidth=&#8221;off&#8221; use_custom_width=&#8221;off&#8221; width_unit=&#8221;on&#8221; use_custom_gutter=&#8221;off&#8221; padding_mobile=&#8221;off&#8221; background_color=&#8221;#ffffff&#8221; allow_player_pause=&#8221;off&#8221; parallax=&#8221;off&#8221; parallax_method=&#8221;off&#8221; make_equal=&#8221;off&#8221; column_padding_mobile=&#8221;on&#8221;][et_pb_column type=&#8221;4_4&#8243;][et_pb_image admin_label=&#8221;G\u00f6r\u00fcnt\u00fc&#8221; src=&#8221;http:\/\/falcon-is.com\/wp-content\/uploads\/2016\/04\/ciftcubuklumastar.jpg&#8221; show_in_lightbox=&#8221;on&#8221; url_new_window=&#8221;off&#8221; use_overlay=&#8221;off&#8221; animation=&#8221;left&#8221; sticky=&#8221;off&#8221; align=&#8221;center&#8221; force_fullwidth=&#8221;off&#8221; always_center_on_mobile=&#8221;on&#8221; use_border_color=&#8221;off&#8221; border_color=&#8221;#ffffff&#8221; border_style=&#8221;solid&#8221;] [\/et_pb_image][et_pb_text admin_label=&#8221;Metin&#8221; background_layout=&#8221;light&#8221; text_orientation=&#8221;left&#8221; use_border_color=&#8221;off&#8221; border_color=&#8221;#ffffff&#8221; border_style=&#8221;solid&#8221;]<\/p>\n<table width=\"535\">\n<tbody>\n<tr>\n<td colspan=\"5\" width=\"535\">\u00c7\u0130FT \u00c7UBUKLU MASTARLAR<\/td>\n<\/tr>\n<tr>\n<td>Boyutlar<\/td>\n<td>3.2 m<\/td>\n<td>4.2 m<\/td>\n<td>5.2 m<\/td>\n<td>6.2 m<\/td>\n<\/tr>\n<tr>\n<td>Uzunluk<\/td>\n<td>3230 mm<\/td>\n<td>4230 mm<\/td>\n<td>5230 mm<\/td>\n<td>6230 mm<\/td>\n<\/tr>\n<tr>\n<td>Geni\u015flik<\/td>\n<td colspan=\"4\">530 mm<\/td>\n<\/tr>\n<tr>\n<td>Y\u00fckseklik<\/td>\n<td colspan=\"4\">165 mm<\/td>\n<\/tr>\n<tr>\n<td>A\u011f\u0131rl\u0131k<\/td>\n<td>31 kg<\/td>\n<td>42 kg<\/td>\n<td>54 kg<\/td>\n<td>66 kg<\/td>\n<\/tr>\n<tr>\n<td>Profiller Aras\u0131 Mesafe<\/td>\n<td colspan=\"4\">300 mm<\/td>\n<\/tr>\n<tr>\n<td><\/td>\n<td><\/td>\n<td><\/td>\n<td><\/td>\n<td><\/td>\n<\/tr>\n<tr>\n<td colspan=\"5\">Benzinli Tahrik \u00dcnitesi<\/td>\n<\/tr>\n<tr>\n<td>Motor<\/td>\n<td colspan=\"4\">Honda GX120(118 cc)<\/td>\n<\/tr>\n<tr>\n<td><\/td>\n<td colspan=\"4\">Honda GX160(163 cc)<\/td>\n<\/tr>\n<tr>\n<td><\/td>\n<td colspan=\"4\">B&amp;S 550 (127 cc)<\/td>\n<\/tr>\n<tr>\n<td><\/td>\n<td colspan=\"4\">BS750(163 cc)<\/td>\n<\/tr>\n<tr>\n<td>\u00d6l\u00e7\u00fcler<\/td>\n<td colspan=\"4\">4230x530x165 mm<\/td>\n<\/tr>\n<tr>\n<td colspan=\"5\">Elektrikli Tahrik \u00dcnitesi<\/td>\n<\/tr>\n<tr>\n<td>Frekans<\/td>\n<td colspan=\"4\">3400 vib\/min<\/td>\n<\/tr>\n<tr>\n<td>G\u00fc\u00e7<\/td>\n<td colspan=\"4\">300W-550 W<\/td>\n<\/tr>\n<tr>\n<td>Faz<\/td>\n<td colspan=\"4\">Trifaze\u00a0 &#8211; 50 c\/s AC -380 V<\/td>\n<\/tr>\n<tr>\n<td>\u00d6l\u00e7\u00fcler ( Boy x En x Y\u00fckseklik )<\/td>\n<td colspan=\"4\">460-200&#215;350-200&#215;270-310 mm<\/td>\n<\/tr>\n<tr>\n<td>Opsiyonel<\/td>\n<td colspan=\"4\">Ask\u0131 Rulo Sistemi<\/td>\n<\/tr>\n<\/tbody>\n<\/table>\n<p>[\/et_pb_text][\/et_pb_column][\/et_pb_row][\/et_pb_section]<\/p>","protected":false},"excerpt":{"rendered":"<p>[et_pb_section admin_label=&#8221;section&#8221; background_image=&#8221;http:\/\/falcon-is.com\/wp-content\/uploads\/2016\/04\/BG2.jpg&#8221; transparent_background=&#8221;off&#8221; allow_player_pause=&#8221;off&#8221; inner_shadow=&#8221;off&#8221; parallax=&#8221;off&#8221; parallax_method=&#8221;off&#8221; padding_mobile=&#8221;off&#8221; make_fullwidth=&#8221;off&#8221; use_custom_width=&#8221;off&#8221; width_unit=&#8221;on&#8221; make_equal=&#8221;off&#8221; use_custom_gutter=&#8221;off&#8221;][et_pb_row admin_label=&#8221;row&#8221; make_fullwidth=&#8221;off&#8221; use_custom_width=&#8221;off&#8221; width_unit=&#8221;on&#8221; use_custom_gutter=&#8221;off&#8221; padding_mobile=&#8221;off&#8221; background_color=&#8221;#ffffff&#8221; allow_player_pause=&#8221;off&#8221; parallax=&#8221;off&#8221; parallax_method=&#8221;off&#8221; make_equal=&#8221;off&#8221; column_padding_mobile=&#8221;on&#8221;][et_pb_column type=&#8221;4_4&#8243;][et_pb_image admin_label=&#8221;G\u00f6r\u00fcnt\u00fc&#8221; src=&#8221;http:\/\/falcon-is.com\/wp-content\/uploads\/2016\/04\/ciftcubuklumastar.jpg&#8221; show_in_lightbox=&#8221;on&#8221; url_new_window=&#8221;off&#8221; use_overlay=&#8221;off&#8221; animation=&#8221;left&#8221; sticky=&#8221;off&#8221; align=&#8221;center&#8221; force_fullwidth=&#8221;off&#8221; always_center_on_mobile=&#8221;on&#8221; use_border_color=&#8221;off&#8221; border_color=&#8221;#ffffff&#8221; border_style=&#8221;solid&#8221;] [\/et_pb_image][et_pb_text admin_label=&#8221;Metin&#8221; background_layout=&#8221;light&#8221; text_orientation=&#8221;left&#8221; use_border_color=&#8221;off&#8221; border_color=&#8221;#ffffff&#8221; border_style=&#8221;solid&#8221;] \u00c7\u0130FT \u00c7UBUKLU MASTARLAR Boyutlar 3.2 m 4.2 m [&hellip;]<\/p>\n","protected":false},"author":1,"featured_media":0,"parent":0,"menu_order":0,"comment_status":"closed","ping_status":"closed","template":"","meta":[],"_links":{"self":[{"href":"https:\/\/falcon-is.com\/tr\/wp-json\/wp\/v2\/pages\/260"}],"collection":[{"href":"https:\/\/falcon-is.com\/tr\/wp-json\/wp\/v2\/pages"}],"about":[{"href":"https:\/\/falcon-is.com\/tr\/wp-json\/wp\/v2\/types\/page"}],"author":[{"embeddable":true,"href":"https:\/\/falcon-is.com\/tr\/wp-json\/wp\/v2\/users\/1"}],"replies":[{"embeddable":true,"href":"https:\/\/falcon-is.com\/tr\/wp-json\/wp\/v2\/comments?post=260"}],"version-history":[{"count":2,"href":"https:\/\/falcon-is.com\/tr\/wp-json\/wp\/v2\/pages\/260\/revisions"}],"predecessor-version":[{"id":262,"href":"https:\/\/falcon-is.com\/tr\/wp-json\/wp\/v2\/pages\/260\/revisions\/262"}],"wp:attachment":[{"href":"https:\/\/falcon-is.com\/tr\/wp-json\/wp\/v2\/media?parent=260"}],"curies":[{"name":"wp","href":"https:\/\/api.w.org\/{rel}","templated":true}]}}