{"id":253,"date":"2016-04-28T07:16:06","date_gmt":"2016-04-28T07:16:06","guid":{"rendered":"http:\/\/falcon-is.com\/?page_id=253"},"modified":"2016-04-28T11:32:01","modified_gmt":"2016-04-28T11:32:01","slug":"cift-kollu-mastar","status":"publish","type":"page","link":"https:\/\/falcon-is.com\/tr\/cift-kollu-mastar\/","title":{"rendered":"\u00c7ift Kollu Mastar"},"content":{"rendered":"<p>[et_pb_section admin_label=&#8221;section&#8221; background_image=&#8221;http:\/\/falcon-is.com\/wp-content\/uploads\/2016\/04\/BG2.jpg&#8221; transparent_background=&#8221;off&#8221; allow_player_pause=&#8221;off&#8221; inner_shadow=&#8221;off&#8221; parallax=&#8221;off&#8221; parallax_method=&#8221;off&#8221; padding_mobile=&#8221;off&#8221; make_fullwidth=&#8221;off&#8221; use_custom_width=&#8221;off&#8221; width_unit=&#8221;on&#8221; make_equal=&#8221;off&#8221; use_custom_gutter=&#8221;off&#8221;][et_pb_row admin_label=&#8221;row&#8221; make_fullwidth=&#8221;off&#8221; use_custom_width=&#8221;off&#8221; width_unit=&#8221;on&#8221; use_custom_gutter=&#8221;off&#8221; padding_mobile=&#8221;off&#8221; background_color=&#8221;#ffffff&#8221; allow_player_pause=&#8221;off&#8221; parallax=&#8221;off&#8221; parallax_method=&#8221;off&#8221; make_equal=&#8221;off&#8221; column_padding_mobile=&#8221;on&#8221;][et_pb_column type=&#8221;4_4&#8243;][et_pb_image admin_label=&#8221;G\u00f6r\u00fcnt\u00fc&#8221; src=&#8221;http:\/\/falcon-is.com\/wp-content\/uploads\/2016\/04\/ciftkollumastar.jpg&#8221; show_in_lightbox=&#8221;off&#8221; url_new_window=&#8221;off&#8221; use_overlay=&#8221;off&#8221; animation=&#8221;left&#8221; sticky=&#8221;off&#8221; align=&#8221;left&#8221; force_fullwidth=&#8221;off&#8221; always_center_on_mobile=&#8221;on&#8221; use_border_color=&#8221;off&#8221; border_color=&#8221;#ffffff&#8221; border_style=&#8221;solid&#8221;] [\/et_pb_image][et_pb_text admin_label=&#8221;Metin&#8221; background_layout=&#8221;light&#8221; text_orientation=&#8221;left&#8221; use_border_color=&#8221;off&#8221; border_color=&#8221;#ffffff&#8221; border_style=&#8221;solid&#8221;]<\/p>\n<table style=\"height: 244px;\" width=\"247\">\n<tbody>\n<tr>\n<td colspan=\"8\" width=\"356\">\n<h6>\u00c7\u0130FT KOLLU MASTAR<\/h6>\n<\/td>\n<\/tr>\n<tr>\n<td>\n<h6>Boyutlar (m)<\/h6>\n<\/td>\n<td>\n<h6>1<\/h6>\n<\/td>\n<td>\n<h6>1,5<\/h6>\n<\/td>\n<td>\n<h6>2<\/h6>\n<\/td>\n<td>\n<h6>2,5<\/h6>\n<\/td>\n<td>\n<h6>3<\/h6>\n<\/td>\n<td>\n<h6>4<\/h6>\n<\/td>\n<td>\n<h6>5<\/h6>\n<\/td>\n<\/tr>\n<tr>\n<td>\n<h6>Uzunluk\u00a0 (mm)<\/h6>\n<\/td>\n<td>\n<h6>1000<\/h6>\n<\/td>\n<td>\n<h6>1500<\/h6>\n<\/td>\n<td>\n<h6>2000<\/h6>\n<\/td>\n<td>\n<h6>2500<\/h6>\n<\/td>\n<td>\n<h6>3000<\/h6>\n<\/td>\n<td>\n<h6>4000<\/h6>\n<\/td>\n<td>\n<h6>5000<\/h6>\n<\/td>\n<\/tr>\n<tr>\n<td>\n<h6>Geni\u015flik\u00a0 (mm)<\/h6>\n<\/td>\n<td colspan=\"7\">\n<h6>175<\/h6>\n<\/td>\n<\/tr>\n<tr>\n<td>\n<h6>Y\u00fckseklik\u00a0 (mm)<\/h6>\n<\/td>\n<td colspan=\"7\">\n<h6>110<\/h6>\n<\/td>\n<\/tr>\n<tr>\n<td>\n<h6>A\u011f\u0131rl\u0131k\u00a0 (kg)<\/h6>\n<\/td>\n<td>\n<h6>3,5<\/h6>\n<\/td>\n<td>\n<h6>5,25<\/h6>\n<\/td>\n<td>\n<h6>7<\/h6>\n<\/td>\n<td>\n<h6>8,75<\/h6>\n<\/td>\n<td>\n<h6>10,5<\/h6>\n<\/td>\n<td>\n<h6>14<\/h6>\n<\/td>\n<td>\n<h6>17,5<\/h6>\n<\/td>\n<\/tr>\n<\/tbody>\n<\/table>\n<table width=\"364\">\n<tbody>\n<tr>\n<td colspan=\"8\" width=\"364\">\n<h6>Tahrik \u00dcnitesi<\/h6>\n<\/td>\n<\/tr>\n<tr>\n<td>\n<h6>Motor<\/h6>\n<\/td>\n<td colspan=\"7\">\n<h6>Honda GX25(25 cc)<\/h6>\n<\/td>\n<\/tr>\n<tr>\n<td>\n<h6>A\u011f\u0131rl\u0131k<\/h6>\n<\/td>\n<td colspan=\"7\">\n<h6>19,5 kg<\/h6>\n<\/td>\n<\/tr>\n<tr>\n<td>\n<h6>Vibrasyon<\/h6>\n<\/td>\n<td colspan=\"7\">\n<h6>0-9000 rpm<\/h6>\n<\/td>\n<\/tr>\n<tr>\n<td>\n<h6>\u00d6l\u00e7\u00fcler ( B x E x Y)<\/h6>\n<\/td>\n<td colspan=\"7\">\n<h6>800x580x920 mm<\/h6>\n<\/td>\n<\/tr>\n<\/tbody>\n<\/table>\n<p>[\/et_pb_text][\/et_pb_column][\/et_pb_row][\/et_pb_section]<\/p>","protected":false},"excerpt":{"rendered":"<p>[et_pb_section admin_label=&#8221;section&#8221; background_image=&#8221;http:\/\/falcon-is.com\/wp-content\/uploads\/2016\/04\/BG2.jpg&#8221; transparent_background=&#8221;off&#8221; allow_player_pause=&#8221;off&#8221; inner_shadow=&#8221;off&#8221; parallax=&#8221;off&#8221; parallax_method=&#8221;off&#8221; padding_mobile=&#8221;off&#8221; make_fullwidth=&#8221;off&#8221; use_custom_width=&#8221;off&#8221; width_unit=&#8221;on&#8221; make_equal=&#8221;off&#8221; use_custom_gutter=&#8221;off&#8221;][et_pb_row admin_label=&#8221;row&#8221; make_fullwidth=&#8221;off&#8221; use_custom_width=&#8221;off&#8221; width_unit=&#8221;on&#8221; use_custom_gutter=&#8221;off&#8221; padding_mobile=&#8221;off&#8221; background_color=&#8221;#ffffff&#8221; allow_player_pause=&#8221;off&#8221; parallax=&#8221;off&#8221; parallax_method=&#8221;off&#8221; make_equal=&#8221;off&#8221; column_padding_mobile=&#8221;on&#8221;][et_pb_column type=&#8221;4_4&#8243;][et_pb_image admin_label=&#8221;G\u00f6r\u00fcnt\u00fc&#8221; src=&#8221;http:\/\/falcon-is.com\/wp-content\/uploads\/2016\/04\/ciftkollumastar.jpg&#8221; show_in_lightbox=&#8221;off&#8221; url_new_window=&#8221;off&#8221; use_overlay=&#8221;off&#8221; animation=&#8221;left&#8221; sticky=&#8221;off&#8221; align=&#8221;left&#8221; force_fullwidth=&#8221;off&#8221; always_center_on_mobile=&#8221;on&#8221; use_border_color=&#8221;off&#8221; border_color=&#8221;#ffffff&#8221; border_style=&#8221;solid&#8221;] [\/et_pb_image][et_pb_text admin_label=&#8221;Metin&#8221; background_layout=&#8221;light&#8221; text_orientation=&#8221;left&#8221; use_border_color=&#8221;off&#8221; border_color=&#8221;#ffffff&#8221; border_style=&#8221;solid&#8221;] \u00c7\u0130FT KOLLU MASTAR Boyutlar (m) 1 1,5 2 [&hellip;]<\/p>\n","protected":false},"author":1,"featured_media":0,"parent":0,"menu_order":0,"comment_status":"closed","ping_status":"closed","template":"","meta":[],"_links":{"self":[{"href":"https:\/\/falcon-is.com\/tr\/wp-json\/wp\/v2\/pages\/253"}],"collection":[{"href":"https:\/\/falcon-is.com\/tr\/wp-json\/wp\/v2\/pages"}],"about":[{"href":"https:\/\/falcon-is.com\/tr\/wp-json\/wp\/v2\/types\/page"}],"author":[{"embeddable":true,"href":"https:\/\/falcon-is.com\/tr\/wp-json\/wp\/v2\/users\/1"}],"replies":[{"embeddable":true,"href":"https:\/\/falcon-is.com\/tr\/wp-json\/wp\/v2\/comments?post=253"}],"version-history":[{"count":6,"href":"https:\/\/falcon-is.com\/tr\/wp-json\/wp\/v2\/pages\/253\/revisions"}],"predecessor-version":[{"id":259,"href":"https:\/\/falcon-is.com\/tr\/wp-json\/wp\/v2\/pages\/253\/revisions\/259"}],"wp:attachment":[{"href":"https:\/\/falcon-is.com\/tr\/wp-json\/wp\/v2\/media?parent=253"}],"curies":[{"name":"wp","href":"https:\/\/api.w.org\/{rel}","templated":true}]}}