{"id":233,"date":"2016-04-28T06:43:02","date_gmt":"2016-04-28T06:43:02","guid":{"rendered":"http:\/\/falcon-is.com\/?page_id=233"},"modified":"2016-04-28T11:34:59","modified_gmt":"2016-04-28T11:34:59","slug":"el-mastari","status":"publish","type":"page","link":"https:\/\/falcon-is.com\/tr\/el-mastari\/","title":{"rendered":"Vibrasyonlu El Mastar\u0131"},"content":{"rendered":"<p>[et_pb_section admin_label=&#8221;section&#8221; background_image=&#8221;http:\/\/falcon-is.com\/wp-content\/uploads\/2016\/04\/BG2.jpg&#8221; transparent_background=&#8221;off&#8221; allow_player_pause=&#8221;off&#8221; inner_shadow=&#8221;off&#8221; parallax=&#8221;off&#8221; parallax_method=&#8221;off&#8221; padding_mobile=&#8221;off&#8221; make_fullwidth=&#8221;off&#8221; use_custom_width=&#8221;off&#8221; width_unit=&#8221;on&#8221; make_equal=&#8221;off&#8221; use_custom_gutter=&#8221;off&#8221;][et_pb_row admin_label=&#8221;row&#8221; make_fullwidth=&#8221;off&#8221; use_custom_width=&#8221;off&#8221; width_unit=&#8221;on&#8221; use_custom_gutter=&#8221;off&#8221; padding_mobile=&#8221;off&#8221; background_color=&#8221;#ffffff&#8221; allow_player_pause=&#8221;off&#8221; parallax=&#8221;off&#8221; parallax_method=&#8221;off&#8221; make_equal=&#8221;off&#8221; column_padding_mobile=&#8221;on&#8221;][et_pb_column type=&#8221;1_2&#8243;][et_pb_image admin_label=&#8221;G\u00f6r\u00fcnt\u00fc&#8221; src=&#8221;http:\/\/falcon-is.com\/wp-content\/uploads\/2016\/04\/elmastari2.jpg&#8221; show_in_lightbox=&#8221;on&#8221; url_new_window=&#8221;off&#8221; use_overlay=&#8221;off&#8221; animation=&#8221;left&#8221; sticky=&#8221;off&#8221; align=&#8221;left&#8221; force_fullwidth=&#8221;off&#8221; always_center_on_mobile=&#8221;on&#8221; use_border_color=&#8221;off&#8221; border_color=&#8221;#ffffff&#8221; border_style=&#8221;solid&#8221;] [\/et_pb_image][\/et_pb_column][et_pb_column type=&#8221;1_2&#8243;][et_pb_text admin_label=&#8221;Metin&#8221; background_layout=&#8221;light&#8221; text_orientation=&#8221;left&#8221; use_border_color=&#8221;off&#8221; border_color=&#8221;#ffffff&#8221; border_style=&#8221;solid&#8221;]<\/p>\n<table style=\"height: 265px;\" width=\"215\">\n<tbody>\n<tr>\n<td colspan=\"6\" width=\"322\">EL MASTARI<\/td>\n<\/tr>\n<tr>\n<td>Boyutlar (m)<\/td>\n<td>1<\/td>\n<td>1,5<\/td>\n<td>2<\/td>\n<td>2,5<\/td>\n<td>3<\/td>\n<\/tr>\n<tr>\n<td>Uzunluk (mm)<\/td>\n<td>1000<\/td>\n<td>1500<\/td>\n<td>2000<\/td>\n<td>2500<\/td>\n<td>3000<\/td>\n<\/tr>\n<tr>\n<td>Geni\u015flik\u00a0 (mm)<\/td>\n<td colspan=\"5\">230<\/td>\n<\/tr>\n<tr>\n<td>Y\u00fckseklik (mm)<\/td>\n<td colspan=\"5\">42<\/td>\n<\/tr>\n<tr>\n<td>A\u011f\u0131rl\u0131k\u00a0 (kg)<\/td>\n<td>4,5<\/td>\n<td>6,5<\/td>\n<td>8,5<\/td>\n<td>10,5<\/td>\n<td>12,5<\/td>\n<\/tr>\n<\/tbody>\n<\/table>\n<table style=\"height: 170px;\" width=\"297\">\n<tbody>\n<tr>\n<td colspan=\"6\" width=\"322\">Tahrik \u00dcnitesi<\/td>\n<\/tr>\n<tr>\n<td>Motor<\/td>\n<td colspan=\"5\">Honda GX25 (25 cc)<\/td>\n<\/tr>\n<tr>\n<td><\/td>\n<td colspan=\"5\">Honda GX35 (35 cc)<\/td>\n<\/tr>\n<tr>\n<td>A\u011f\u0131rl\u0131k<\/td>\n<td colspan=\"5\">12,5 kg<\/td>\n<\/tr>\n<tr>\n<td>Vibrasyon<\/td>\n<td colspan=\"5\">0-1000 rpm<\/td>\n<\/tr>\n<tr>\n<td>\u00d6l\u00e7\u00fcler ( BxExY)<\/td>\n<td colspan=\"5\">390x500x190-320 mm<\/td>\n<\/tr>\n<\/tbody>\n<\/table>\n<p>[\/et_pb_text][\/et_pb_column][\/et_pb_row][\/et_pb_section]<\/p>","protected":false},"excerpt":{"rendered":"<p>[et_pb_section admin_label=&#8221;section&#8221; background_image=&#8221;http:\/\/falcon-is.com\/wp-content\/uploads\/2016\/04\/BG2.jpg&#8221; transparent_background=&#8221;off&#8221; allow_player_pause=&#8221;off&#8221; inner_shadow=&#8221;off&#8221; parallax=&#8221;off&#8221; parallax_method=&#8221;off&#8221; padding_mobile=&#8221;off&#8221; make_fullwidth=&#8221;off&#8221; use_custom_width=&#8221;off&#8221; width_unit=&#8221;on&#8221; make_equal=&#8221;off&#8221; use_custom_gutter=&#8221;off&#8221;][et_pb_row admin_label=&#8221;row&#8221; make_fullwidth=&#8221;off&#8221; use_custom_width=&#8221;off&#8221; width_unit=&#8221;on&#8221; use_custom_gutter=&#8221;off&#8221; padding_mobile=&#8221;off&#8221; background_color=&#8221;#ffffff&#8221; allow_player_pause=&#8221;off&#8221; parallax=&#8221;off&#8221; parallax_method=&#8221;off&#8221; make_equal=&#8221;off&#8221; column_padding_mobile=&#8221;on&#8221;][et_pb_column type=&#8221;1_2&#8243;][et_pb_image admin_label=&#8221;G\u00f6r\u00fcnt\u00fc&#8221; src=&#8221;http:\/\/falcon-is.com\/wp-content\/uploads\/2016\/04\/elmastari2.jpg&#8221; show_in_lightbox=&#8221;on&#8221; url_new_window=&#8221;off&#8221; use_overlay=&#8221;off&#8221; animation=&#8221;left&#8221; sticky=&#8221;off&#8221; align=&#8221;left&#8221; force_fullwidth=&#8221;off&#8221; always_center_on_mobile=&#8221;on&#8221; use_border_color=&#8221;off&#8221; border_color=&#8221;#ffffff&#8221; border_style=&#8221;solid&#8221;] [\/et_pb_image][\/et_pb_column][et_pb_column type=&#8221;1_2&#8243;][et_pb_text admin_label=&#8221;Metin&#8221; background_layout=&#8221;light&#8221; text_orientation=&#8221;left&#8221; use_border_color=&#8221;off&#8221; border_color=&#8221;#ffffff&#8221; border_style=&#8221;solid&#8221;] EL MASTARI Boyutlar (m) 1 1,5 2 [&hellip;]<\/p>\n","protected":false},"author":1,"featured_media":0,"parent":0,"menu_order":0,"comment_status":"closed","ping_status":"closed","template":"","meta":[],"_links":{"self":[{"href":"https:\/\/falcon-is.com\/tr\/wp-json\/wp\/v2\/pages\/233"}],"collection":[{"href":"https:\/\/falcon-is.com\/tr\/wp-json\/wp\/v2\/pages"}],"about":[{"href":"https:\/\/falcon-is.com\/tr\/wp-json\/wp\/v2\/types\/page"}],"author":[{"embeddable":true,"href":"https:\/\/falcon-is.com\/tr\/wp-json\/wp\/v2\/users\/1"}],"replies":[{"embeddable":true,"href":"https:\/\/falcon-is.com\/tr\/wp-json\/wp\/v2\/comments?post=233"}],"version-history":[{"count":8,"href":"https:\/\/falcon-is.com\/tr\/wp-json\/wp\/v2\/pages\/233\/revisions"}],"predecessor-version":[{"id":241,"href":"https:\/\/falcon-is.com\/tr\/wp-json\/wp\/v2\/pages\/233\/revisions\/241"}],"wp:attachment":[{"href":"https:\/\/falcon-is.com\/tr\/wp-json\/wp\/v2\/media?parent=233"}],"curies":[{"name":"wp","href":"https:\/\/api.w.org\/{rel}","templated":true}]}}