{"id":219,"date":"2016-04-27T13:16:11","date_gmt":"2016-04-27T13:16:11","guid":{"rendered":"http:\/\/falcon-is.com\/?page_id=219"},"modified":"2016-04-28T11:33:33","modified_gmt":"2016-04-28T11:33:33","slug":"t100-perdah-makinesi","status":"publish","type":"page","link":"https:\/\/falcon-is.com\/tr\/t100-perdah-makinesi\/","title":{"rendered":"T100 PRO Perdah Makinesi"},"content":{"rendered":"<p>[et_pb_section admin_label=&#8221;section&#8221; background_image=&#8221;http:\/\/falcon-is.com\/wp-content\/uploads\/2016\/04\/BG2.jpg&#8221; transparent_background=&#8221;off&#8221; allow_player_pause=&#8221;off&#8221; inner_shadow=&#8221;off&#8221; parallax=&#8221;off&#8221; parallax_method=&#8221;off&#8221; padding_mobile=&#8221;off&#8221; make_fullwidth=&#8221;off&#8221; use_custom_width=&#8221;off&#8221; width_unit=&#8221;on&#8221; make_equal=&#8221;off&#8221; use_custom_gutter=&#8221;off&#8221;][et_pb_row admin_label=&#8221;row&#8221; make_fullwidth=&#8221;off&#8221; use_custom_width=&#8221;off&#8221; width_unit=&#8221;on&#8221; use_custom_gutter=&#8221;off&#8221; padding_mobile=&#8221;off&#8221; background_color=&#8221;#ffffff&#8221; allow_player_pause=&#8221;off&#8221; parallax=&#8221;off&#8221; parallax_method=&#8221;off&#8221; make_equal=&#8221;off&#8221; column_padding_mobile=&#8221;on&#8221;][et_pb_column type=&#8221;1_2&#8243;][et_pb_image admin_label=&#8221;G\u00f6r\u00fcnt\u00fc&#8221; src=&#8221;http:\/\/falcon-is.com\/wp-content\/uploads\/2016\/04\/t100perdah.jpg&#8221; show_in_lightbox=&#8221;on&#8221; url_new_window=&#8221;off&#8221; use_overlay=&#8221;off&#8221; animation=&#8221;left&#8221; sticky=&#8221;off&#8221; align=&#8221;left&#8221; force_fullwidth=&#8221;off&#8221; always_center_on_mobile=&#8221;on&#8221; use_border_color=&#8221;off&#8221; border_color=&#8221;#ffffff&#8221; border_style=&#8221;solid&#8221; \/][\/et_pb_column][et_pb_column type=&#8221;1_2&#8243;][et_pb_text admin_label=&#8221;Metin&#8221; background_layout=&#8221;light&#8221; text_orientation=&#8221;left&#8221; use_border_color=&#8221;off&#8221; border_color=&#8221;#ffffff&#8221; border_style=&#8221;solid&#8221;]<\/p>\n<table width=\"481\">\n<tbody>\n<tr>\n<td width=\"257\">MODEL<\/td>\n<td width=\"224\">T100<\/td>\n<\/tr>\n<tr>\n<td>\u00d6l\u00e7\u00fcler ( Boy x En x Y\u00fckseklik ) Elektrikli<\/td>\n<td>2050x950x1130 mm<\/td>\n<\/tr>\n<tr>\n<td>\u00d6l\u00e7\u00fcler ( Boy x En x Y\u00fckseklik ) Benzinli<\/td>\n<td>2050x950x1100 mm<\/td>\n<\/tr>\n<tr>\n<td>A\u011f\u0131rl\u0131k<\/td>\n<td>87-96 kg<\/td>\n<\/tr>\n<tr>\n<td>\u015eanz\u0131man<\/td>\n<td>Bak\u0131ms\u0131z A\u011f\u0131r Hizmet Tipi<\/td>\n<\/tr>\n<tr>\n<td>\u015eanz\u0131man Oran\u0131<\/td>\n<td>1:19,5<\/td>\n<\/tr>\n<tr>\n<td>Kavrama<\/td>\n<td>Otomatik Santrif\u00fcj Tip<\/td>\n<\/tr>\n<tr>\n<td>Hareket \u0130letimi<\/td>\n<td>Tek Y\u00f6nl\u00fc V Kay\u0131\u015f<\/td>\n<\/tr>\n<tr>\n<td>Perdahlama Uzunlu\u011fu<\/td>\n<td>920 mm<\/td>\n<\/tr>\n<tr>\n<td>Perdahlama Alan\u0131<\/td>\n<td>0,64 m\u00b2<\/td>\n<\/tr>\n<tr>\n<td>Perdahlama H\u0131z\u0131<\/td>\n<td>Max : 130 rpm<\/td>\n<\/tr>\n<tr>\n<td>Elektrikli Motor<\/td>\n<td>2,6-3,2 Kw 50 HZ Tirfaze -\u00c7ift Devirli<\/td>\n<\/tr>\n<tr>\n<td rowspan=\"6\" width=\"257\">Benzinli Motor<\/td>\n<td>Honda GX160 (163 cc)<\/td>\n<\/tr>\n<tr>\n<td>Honda GX200 (208 cc)<\/td>\n<\/tr>\n<tr>\n<td>Honda GX270 (270 cc)<\/td>\n<\/tr>\n<tr>\n<td>B&amp;S 750 (163 cc)<\/td>\n<\/tr>\n<tr>\n<td>B&amp;S 950 (208 cc)<\/td>\n<\/tr>\n<tr>\n<td>B&amp;S 1450 (306 cc)<\/td>\n<\/tr>\n<tr>\n<td>Dizel Motor<\/td>\n<td>Lombardini 15LD 225(4,8HP)<\/td>\n<\/tr>\n<tr>\n<td>Standart \u00d6zellikler<\/td>\n<td width=\"224\">Acil Durup Stop Kolu -Kald\u0131rma Kancas\u0131 -Bel Dayama Pedi -\u00d6r\u00fcmcek \u00dczeri Gras\u00f6rl\u00fck<\/td>\n<\/tr>\n<tr>\n<td><\/td>\n<td width=\"224\">Direksiyon \u00dczeri Gaz Kolu -B\u0131\u00e7ak Ayar Mekanizmas\u0131 -Ta\u015f\u0131ma Borusu<\/td>\n<\/tr>\n<tr>\n<td>Opsiyonel<\/td>\n<td width=\"224\">Disk -Disk Tipi B\u0131\u00e7ak &#8211; Kombine B\u0131\u00e7ak -Bur\u00e7lu \u00d6r\u00fcmcek -Katlanabilir Kol -Y\u00fckseklik Ayarl\u0131 Kol -Ta\u015f\u0131ma tekeri\u00a0 &#8211;\u00a0 Santrif\u00fcjl\u00fc stop &#8211; Click Pitc B\u0131\u00e7ak Ayar Sistemi &#8211; Lama \u00c7ember<\/td>\n<\/tr>\n<\/tbody>\n<\/table>\n<p>[\/et_pb_text][\/et_pb_column][\/et_pb_row][\/et_pb_section]<\/p>","protected":false},"excerpt":{"rendered":"<p>[et_pb_section admin_label=&#8221;section&#8221; background_image=&#8221;http:\/\/falcon-is.com\/wp-content\/uploads\/2016\/04\/BG2.jpg&#8221; transparent_background=&#8221;off&#8221; allow_player_pause=&#8221;off&#8221; inner_shadow=&#8221;off&#8221; parallax=&#8221;off&#8221; parallax_method=&#8221;off&#8221; padding_mobile=&#8221;off&#8221; make_fullwidth=&#8221;off&#8221; use_custom_width=&#8221;off&#8221; width_unit=&#8221;on&#8221; make_equal=&#8221;off&#8221; use_custom_gutter=&#8221;off&#8221;][et_pb_row admin_label=&#8221;row&#8221; make_fullwidth=&#8221;off&#8221; use_custom_width=&#8221;off&#8221; width_unit=&#8221;on&#8221; use_custom_gutter=&#8221;off&#8221; padding_mobile=&#8221;off&#8221; background_color=&#8221;#ffffff&#8221; allow_player_pause=&#8221;off&#8221; parallax=&#8221;off&#8221; parallax_method=&#8221;off&#8221; make_equal=&#8221;off&#8221; column_padding_mobile=&#8221;on&#8221;][et_pb_column type=&#8221;1_2&#8243;][et_pb_image admin_label=&#8221;G\u00f6r\u00fcnt\u00fc&#8221; src=&#8221;http:\/\/falcon-is.com\/wp-content\/uploads\/2016\/04\/t100perdah.jpg&#8221; show_in_lightbox=&#8221;on&#8221; url_new_window=&#8221;off&#8221; use_overlay=&#8221;off&#8221; animation=&#8221;left&#8221; sticky=&#8221;off&#8221; align=&#8221;left&#8221; force_fullwidth=&#8221;off&#8221; always_center_on_mobile=&#8221;on&#8221; use_border_color=&#8221;off&#8221; border_color=&#8221;#ffffff&#8221; border_style=&#8221;solid&#8221; \/][\/et_pb_column][et_pb_column type=&#8221;1_2&#8243;][et_pb_text admin_label=&#8221;Metin&#8221; background_layout=&#8221;light&#8221; text_orientation=&#8221;left&#8221; use_border_color=&#8221;off&#8221; border_color=&#8221;#ffffff&#8221; border_style=&#8221;solid&#8221;] MODEL T100 \u00d6l\u00e7\u00fcler ( Boy x En [&hellip;]<\/p>\n","protected":false},"author":1,"featured_media":0,"parent":0,"menu_order":0,"comment_status":"closed","ping_status":"closed","template":"","meta":[],"_links":{"self":[{"href":"https:\/\/falcon-is.com\/tr\/wp-json\/wp\/v2\/pages\/219"}],"collection":[{"href":"https:\/\/falcon-is.com\/tr\/wp-json\/wp\/v2\/pages"}],"about":[{"href":"https:\/\/falcon-is.com\/tr\/wp-json\/wp\/v2\/types\/page"}],"author":[{"embeddable":true,"href":"https:\/\/falcon-is.com\/tr\/wp-json\/wp\/v2\/users\/1"}],"replies":[{"embeddable":true,"href":"https:\/\/falcon-is.com\/tr\/wp-json\/wp\/v2\/comments?post=219"}],"version-history":[{"count":3,"href":"https:\/\/falcon-is.com\/tr\/wp-json\/wp\/v2\/pages\/219\/revisions"}],"predecessor-version":[{"id":228,"href":"https:\/\/falcon-is.com\/tr\/wp-json\/wp\/v2\/pages\/219\/revisions\/228"}],"wp:attachment":[{"href":"https:\/\/falcon-is.com\/tr\/wp-json\/wp\/v2\/media?parent=219"}],"curies":[{"name":"wp","href":"https:\/\/api.w.org\/{rel}","templated":true}]}}