{"id":210,"date":"2016-04-27T12:48:49","date_gmt":"2016-04-27T12:48:49","guid":{"rendered":"http:\/\/falcon-is.com\/?page_id=210"},"modified":"2016-04-28T11:33:27","modified_gmt":"2016-04-28T11:33:27","slug":"std700-perdah-makinesi","status":"publish","type":"page","link":"https:\/\/falcon-is.com\/tr\/std700-perdah-makinesi\/","title":{"rendered":"STD70 Perdah Makinesi"},"content":{"rendered":"<p>[et_pb_section admin_label=&#8221;section&#8221;][et_pb_row admin_label=&#8221;row&#8221;][et_pb_column type=&#8221;1_2&#8243;][et_pb_image admin_label=&#8221;G\u00f6r\u00fcnt\u00fc&#8221; src=&#8221;http:\/\/falcon-is.com\/wp-content\/uploads\/2016\/04\/stdperdah.jpg&#8221; show_in_lightbox=&#8221;on&#8221; url_new_window=&#8221;off&#8221; use_overlay=&#8221;off&#8221; animation=&#8221;left&#8221; sticky=&#8221;off&#8221; align=&#8221;left&#8221; force_fullwidth=&#8221;off&#8221; always_center_on_mobile=&#8221;on&#8221; use_border_color=&#8221;off&#8221; border_color=&#8221;#ffffff&#8221; border_style=&#8221;solid&#8221; \/][\/et_pb_column][et_pb_column type=&#8221;1_2&#8243;][et_pb_text admin_label=&#8221;Metin&#8221; background_layout=&#8221;light&#8221; text_orientation=&#8221;left&#8221; use_border_color=&#8221;off&#8221; border_color=&#8221;#ffffff&#8221; border_style=&#8221;solid&#8221;]<\/p>\n<table width=\"589\">\n<tbody>\n<tr>\n<td width=\"248\">MODEL<\/td>\n<td width=\"341\">STD70<\/td>\n<\/tr>\n<tr>\n<td>\u00d6l\u00e7\u00fcler ( Boy x En x Y\u00fckseklik ) Benzinli<\/td>\n<td>1780X750X1040 mm<\/td>\n<\/tr>\n<tr>\n<td>A\u011f\u0131rl\u0131k<\/td>\n<td>68 kg<\/td>\n<\/tr>\n<tr>\n<td>\u015eanz\u0131man<\/td>\n<td>Standart<\/td>\n<\/tr>\n<tr>\n<td>\u015eanz\u0131man Oran\u0131<\/td>\n<td>1:20<\/td>\n<\/tr>\n<tr>\n<td>Kavrama<\/td>\n<td>Otomatik Santrif\u00fcj Tip<\/td>\n<\/tr>\n<tr>\n<td>Hareket \u0130letimi<\/td>\n<td>Tek Y\u00f6nl\u00fc V Kay\u0131\u015f<\/td>\n<\/tr>\n<tr>\n<td>Perdahlama Uzunlu\u011fu<\/td>\n<td>730 mm<\/td>\n<\/tr>\n<tr>\n<td>Perdahlama Alan\u0131<\/td>\n<td>0,44 m\u00b2<\/td>\n<\/tr>\n<tr>\n<td>Perdahlama H\u0131z\u0131<\/td>\n<td>Max : 125 rpm<\/td>\n<\/tr>\n<tr>\n<td>Elektrikli Motor<\/td>\n<td>2,2 KW Trifaze &#8211; Tek devirli<\/td>\n<\/tr>\n<tr>\n<td rowspan=\"4\" width=\"248\">Benzinli Motor<\/td>\n<td>Honda GX160 (163 cc)<\/td>\n<\/tr>\n<tr>\n<td>B&amp;S 750 (163 cc)<\/td>\n<\/tr>\n<tr>\n<td width=\"341\"><\/td>\n<\/tr>\n<tr>\n<td width=\"341\"><\/td>\n<\/tr>\n<tr>\n<td>Standart \u00d6zellikler<\/td>\n<td width=\"341\">Acil Durup Stop Kolu -\u00d6r\u00fcmcek \u00dczeri Gras\u00f6rl\u00fck -Direksiyon \u00fczeri gaz kolu -B\u0131\u00e7ak ayar mekanizmas\u0131<\/td>\n<\/tr>\n<tr>\n<td>Opsiyonel<\/td>\n<td width=\"341\">Disk -Disk Tipi B\u0131\u00e7ak &#8211; Kombine B\u0131\u00e7ak -Bur\u00e7lu \u00d6\u00fcrmcek -Katlanabilir Kol -Y\u00fckseklik Ayarl\u0131 Kol -ta\u015f\u0131ma tekeri<\/td>\n<\/tr>\n<\/tbody>\n<\/table>\n<p>[\/et_pb_text][\/et_pb_column][\/et_pb_row][\/et_pb_section]<\/p>","protected":false},"excerpt":{"rendered":"<p>[et_pb_section admin_label=&#8221;section&#8221;][et_pb_row admin_label=&#8221;row&#8221;][et_pb_column type=&#8221;1_2&#8243;][et_pb_image admin_label=&#8221;G\u00f6r\u00fcnt\u00fc&#8221; src=&#8221;http:\/\/falcon-is.com\/wp-content\/uploads\/2016\/04\/stdperdah.jpg&#8221; show_in_lightbox=&#8221;on&#8221; url_new_window=&#8221;off&#8221; use_overlay=&#8221;off&#8221; animation=&#8221;left&#8221; sticky=&#8221;off&#8221; align=&#8221;left&#8221; force_fullwidth=&#8221;off&#8221; always_center_on_mobile=&#8221;on&#8221; use_border_color=&#8221;off&#8221; border_color=&#8221;#ffffff&#8221; border_style=&#8221;solid&#8221; \/][\/et_pb_column][et_pb_column type=&#8221;1_2&#8243;][et_pb_text admin_label=&#8221;Metin&#8221; background_layout=&#8221;light&#8221; text_orientation=&#8221;left&#8221; use_border_color=&#8221;off&#8221; border_color=&#8221;#ffffff&#8221; border_style=&#8221;solid&#8221;] MODEL STD70 \u00d6l\u00e7\u00fcler ( Boy x En x Y\u00fckseklik ) Benzinli 1780X750X1040 mm A\u011f\u0131rl\u0131k 68 kg \u015eanz\u0131man Standart \u015eanz\u0131man Oran\u0131 1:20 Kavrama Otomatik Santrif\u00fcj Tip Hareket \u0130letimi Tek Y\u00f6nl\u00fc V [&hellip;]<\/p>\n","protected":false},"author":1,"featured_media":0,"parent":0,"menu_order":0,"comment_status":"closed","ping_status":"closed","template":"","meta":[],"_links":{"self":[{"href":"https:\/\/falcon-is.com\/tr\/wp-json\/wp\/v2\/pages\/210"}],"collection":[{"href":"https:\/\/falcon-is.com\/tr\/wp-json\/wp\/v2\/pages"}],"about":[{"href":"https:\/\/falcon-is.com\/tr\/wp-json\/wp\/v2\/types\/page"}],"author":[{"embeddable":true,"href":"https:\/\/falcon-is.com\/tr\/wp-json\/wp\/v2\/users\/1"}],"replies":[{"embeddable":true,"href":"https:\/\/falcon-is.com\/tr\/wp-json\/wp\/v2\/comments?post=210"}],"version-history":[{"count":2,"href":"https:\/\/falcon-is.com\/tr\/wp-json\/wp\/v2\/pages\/210\/revisions"}],"predecessor-version":[{"id":214,"href":"https:\/\/falcon-is.com\/tr\/wp-json\/wp\/v2\/pages\/210\/revisions\/214"}],"wp:attachment":[{"href":"https:\/\/falcon-is.com\/tr\/wp-json\/wp\/v2\/media?parent=210"}],"curies":[{"name":"wp","href":"https:\/\/api.w.org\/{rel}","templated":true}]}}