{"id":154,"date":"2016-04-26T10:45:12","date_gmt":"2016-04-26T10:45:12","guid":{"rendered":"http:\/\/falcon-is.com\/?page_id=154"},"modified":"2016-04-28T11:33:49","modified_gmt":"2016-04-28T11:33:49","slug":"t100x2-pro-hidrolik","status":"publish","type":"page","link":"https:\/\/falcon-is.com\/tr\/t100x2-pro-hidrolik\/","title":{"rendered":"T100X2 PRO Hidrolik \u00c7iftli Perdah Makinesi"},"content":{"rendered":"<p>[et_pb_section admin_label=&#8221;section&#8221; background_image=&#8221;http:\/\/falcon-is.com\/wp-content\/uploads\/2016\/04\/BG2.jpg&#8221; transparent_background=&#8221;off&#8221; background_color=&#8221;#ffffff&#8221; allow_player_pause=&#8221;off&#8221; inner_shadow=&#8221;off&#8221; parallax=&#8221;off&#8221; parallax_method=&#8221;off&#8221; padding_mobile=&#8221;off&#8221; make_fullwidth=&#8221;off&#8221; use_custom_width=&#8221;off&#8221; width_unit=&#8221;on&#8221; make_equal=&#8221;off&#8221; use_custom_gutter=&#8221;off&#8221;][et_pb_row admin_label=&#8221;row&#8221; make_fullwidth=&#8221;off&#8221; use_custom_width=&#8221;off&#8221; width_unit=&#8221;on&#8221; use_custom_gutter=&#8221;off&#8221; padding_mobile=&#8221;off&#8221; background_color=&#8221;#ffffff&#8221; allow_player_pause=&#8221;off&#8221; parallax=&#8221;off&#8221; parallax_method=&#8221;off&#8221; make_equal=&#8221;off&#8221; parallax_1=&#8221;off&#8221; parallax_method_1=&#8221;off&#8221; parallax_2=&#8221;off&#8221; parallax_method_2=&#8221;off&#8221; column_padding_mobile=&#8221;on&#8221;][et_pb_column type=&#8221;1_2&#8243;][et_pb_image admin_label=&#8221;G\u00f6r\u00fcnt\u00fc&#8221; src=&#8221;http:\/\/falcon-is.com\/wp-content\/uploads\/2016\/04\/PROT100X2.jpg&#8221; show_in_lightbox=&#8221;on&#8221; url_new_window=&#8221;off&#8221; use_overlay=&#8221;off&#8221; animation=&#8221;left&#8221; sticky=&#8221;off&#8221; align=&#8221;left&#8221; force_fullwidth=&#8221;off&#8221; always_center_on_mobile=&#8221;on&#8221; use_border_color=&#8221;off&#8221; border_color=&#8221;#ffffff&#8221; border_style=&#8221;solid&#8221;] [\/et_pb_image][\/et_pb_column][et_pb_column type=&#8221;1_2&#8243;][et_pb_text admin_label=&#8221;Metin&#8221; background_layout=&#8221;light&#8221; text_orientation=&#8221;left&#8221; use_border_color=&#8221;off&#8221; border_color=&#8221;#ffffff&#8221; border_style=&#8221;solid&#8221;]<\/p>\n<table class=\" alignleft\" width=\"579\">\n<tbody>\n<tr>\n<td width=\"264\">MODEL<\/td>\n<td width=\"315\">T100X2 PRO<\/td>\n<\/tr>\n<tr>\n<td>\u00d6l\u00e7\u00fcler ( Boy x En x Y\u00fckseklik )<\/td>\n<td>2244x1105x1490 mm<\/td>\n<\/tr>\n<tr>\n<td width=\"264\">\u00d6l\u00e7\u00fcler ( Boy x En x Y\u00fckseklik )<br \/>\nHidrolik Kollu<\/td>\n<td>2244x1105x1430 mm<\/td>\n<\/tr>\n<tr>\n<td>Motor<\/td>\n<td><\/td>\n<\/tr>\n<tr>\n<td>A\u011f\u0131rl\u0131k<\/td>\n<td>410-424 kg<\/td>\n<\/tr>\n<tr>\n<td>Rotor<\/td>\n<td width=\"315\">\u00c7ift 4 B\u0131\u00e7akl\u0131<br \/>\n\u00c7ift 5 B\u0131\u00e7akl\u0131<br \/>\n\u00c7ift 6 B\u0131\u00e7akl\u0131<\/td>\n<\/tr>\n<tr>\n<td>\u015eanz\u0131man<\/td>\n<td>Bak\u0131ms\u0131z A\u011f\u0131r Hizmet Tipi &#8211; Hava So\u011futmal\u0131<\/td>\n<\/tr>\n<tr>\n<td>\u015eanz\u0131man Oran\u0131<\/td>\n<td>1:17<\/td>\n<\/tr>\n<tr>\n<td>Kavrama<\/td>\n<td>Otomatik Santrif\u00fcj Tip<\/td>\n<\/tr>\n<tr>\n<td><\/td>\n<td>Tork Konvert\u00f6rl\u00fc -So\u011futma Kanall\u0131 -Triger Kay\u0131\u015f<\/td>\n<\/tr>\n<tr>\n<td>Hareket \u0130letimi<\/td>\n<td><\/td>\n<\/tr>\n<tr>\n<td>Perdahlama Uzunlu\u011fu<\/td>\n<td>2120 mm<\/td>\n<\/tr>\n<tr>\n<td>Perdahlama Geni\u015fli\u011fi<\/td>\n<td>976 mm<\/td>\n<\/tr>\n<tr>\n<td>Perdahlama Alan\u0131<\/td>\n<td>2.07 m\u00b2<\/td>\n<\/tr>\n<tr>\n<td>Perdahlama H\u0131z\u0131<\/td>\n<td>Max 137,5 rpm<\/td>\n<\/tr>\n<tr>\n<td><\/td>\n<td>De\u011fi\u015fken H\u0131z 60-160 rpm\u00a0 TC<\/td>\n<\/tr>\n<tr>\n<td>Su tank\u0131<\/td>\n<td>3 lt<\/td>\n<\/tr>\n<tr>\n<td>Yak\u0131t Tank\u0131<\/td>\n<td>22 lt<\/td>\n<\/tr>\n<tr>\n<td rowspan=\"2\" width=\"264\">Benzinli Motor<\/td>\n<td rowspan=\"2\">B&amp;S Vanguard (31,0 HP )<\/td>\n<\/tr>\n<\/tbody>\n<\/table>\n<p>&nbsp;<\/p>\n<table width=\"579\">\n<tbody>\n<tr>\n<td width=\"264\">Standart \u00d6zellikler<\/td>\n<td width=\"315\">Acil Durum Stop Kolu<br \/>\nTa\u015f\u0131ma Kiti<br \/>\nKald\u0131rma Kancas\u0131<br \/>\nAyarlanabilen Operat\u00f6r Koltu\u011fu<br \/>\n2- Ayd\u0131nlatma Lambas\u0131<br \/>\nSu P\u00fcsk\u00fcrtme Kiti<\/td>\n<\/tr>\n<\/tbody>\n<\/table>\n<table width=\"579\">\n<tbody>\n<tr>\n<td width=\"264\">Opsiyonel<\/td>\n<td width=\"315\">Gaz Sabitleme<br \/>\n\u00c7al\u0131\u015fma Saati<br \/>\nOperat\u00f6r Koltu\u011fundan Acil Durum Stopu<br \/>\n4 Ayd\u0131nlatma Lambas\u0131 Joyistikli<\/td>\n<\/tr>\n<\/tbody>\n<\/table>\n<p>[\/et_pb_text][\/et_pb_column][\/et_pb_row][\/et_pb_section]<\/p>","protected":false},"excerpt":{"rendered":"<p>[et_pb_section admin_label=&#8221;section&#8221; background_image=&#8221;http:\/\/falcon-is.com\/wp-content\/uploads\/2016\/04\/BG2.jpg&#8221; transparent_background=&#8221;off&#8221; background_color=&#8221;#ffffff&#8221; allow_player_pause=&#8221;off&#8221; inner_shadow=&#8221;off&#8221; parallax=&#8221;off&#8221; parallax_method=&#8221;off&#8221; padding_mobile=&#8221;off&#8221; make_fullwidth=&#8221;off&#8221; use_custom_width=&#8221;off&#8221; width_unit=&#8221;on&#8221; make_equal=&#8221;off&#8221; use_custom_gutter=&#8221;off&#8221;][et_pb_row admin_label=&#8221;row&#8221; make_fullwidth=&#8221;off&#8221; use_custom_width=&#8221;off&#8221; width_unit=&#8221;on&#8221; use_custom_gutter=&#8221;off&#8221; padding_mobile=&#8221;off&#8221; background_color=&#8221;#ffffff&#8221; allow_player_pause=&#8221;off&#8221; parallax=&#8221;off&#8221; parallax_method=&#8221;off&#8221; make_equal=&#8221;off&#8221; parallax_1=&#8221;off&#8221; parallax_method_1=&#8221;off&#8221; parallax_2=&#8221;off&#8221; parallax_method_2=&#8221;off&#8221; column_padding_mobile=&#8221;on&#8221;][et_pb_column type=&#8221;1_2&#8243;][et_pb_image admin_label=&#8221;G\u00f6r\u00fcnt\u00fc&#8221; src=&#8221;http:\/\/falcon-is.com\/wp-content\/uploads\/2016\/04\/PROT100X2.jpg&#8221; show_in_lightbox=&#8221;on&#8221; url_new_window=&#8221;off&#8221; use_overlay=&#8221;off&#8221; animation=&#8221;left&#8221; sticky=&#8221;off&#8221; align=&#8221;left&#8221; force_fullwidth=&#8221;off&#8221; always_center_on_mobile=&#8221;on&#8221; use_border_color=&#8221;off&#8221; border_color=&#8221;#ffffff&#8221; border_style=&#8221;solid&#8221;] [\/et_pb_image][\/et_pb_column][et_pb_column type=&#8221;1_2&#8243;][et_pb_text admin_label=&#8221;Metin&#8221; background_layout=&#8221;light&#8221; text_orientation=&#8221;left&#8221; use_border_color=&#8221;off&#8221; border_color=&#8221;#ffffff&#8221; border_style=&#8221;solid&#8221;] MODEL T100X2 [&hellip;]<\/p>\n","protected":false},"author":1,"featured_media":0,"parent":0,"menu_order":0,"comment_status":"closed","ping_status":"closed","template":"","meta":[],"_links":{"self":[{"href":"https:\/\/falcon-is.com\/tr\/wp-json\/wp\/v2\/pages\/154"}],"collection":[{"href":"https:\/\/falcon-is.com\/tr\/wp-json\/wp\/v2\/pages"}],"about":[{"href":"https:\/\/falcon-is.com\/tr\/wp-json\/wp\/v2\/types\/page"}],"author":[{"embeddable":true,"href":"https:\/\/falcon-is.com\/tr\/wp-json\/wp\/v2\/users\/1"}],"replies":[{"embeddable":true,"href":"https:\/\/falcon-is.com\/tr\/wp-json\/wp\/v2\/comments?post=154"}],"version-history":[{"count":11,"href":"https:\/\/falcon-is.com\/tr\/wp-json\/wp\/v2\/pages\/154\/revisions"}],"predecessor-version":[{"id":174,"href":"https:\/\/falcon-is.com\/tr\/wp-json\/wp\/v2\/pages\/154\/revisions\/174"}],"wp:attachment":[{"href":"https:\/\/falcon-is.com\/tr\/wp-json\/wp\/v2\/media?parent=154"}],"curies":[{"name":"wp","href":"https:\/\/api.w.org\/{rel}","templated":true}]}}