{"id":103,"date":"2016-04-25T12:24:50","date_gmt":"2016-04-25T12:24:50","guid":{"rendered":"http:\/\/falcon-is.com\/?page_id=103"},"modified":"2016-04-28T12:43:08","modified_gmt":"2016-04-28T12:43:08","slug":"turkish-perdah-makineleri","status":"publish","type":"page","link":"https:\/\/falcon-is.com\/tr\/turkish-perdah-makineleri\/","title":{"rendered":"Perdah Makineleri"},"content":{"rendered":"<p>[et_pb_section admin_label=&#8221;section&#8221; background_image=&#8221;http:\/\/falcon-is.com\/wp-content\/uploads\/2016\/04\/BG2.jpg&#8221; transparent_background=&#8221;off&#8221; background_color=&#8221;#ffffff&#8221; allow_player_pause=&#8221;off&#8221; inner_shadow=&#8221;off&#8221; parallax=&#8221;off&#8221; parallax_method=&#8221;off&#8221; padding_mobile=&#8221;off&#8221; make_fullwidth=&#8221;off&#8221; use_custom_width=&#8221;off&#8221; width_unit=&#8221;on&#8221; make_equal=&#8221;off&#8221; use_custom_gutter=&#8221;off&#8221;][et_pb_row admin_label=&#8221;row&#8221; make_fullwidth=&#8221;off&#8221; use_custom_width=&#8221;off&#8221; width_unit=&#8221;on&#8221; use_custom_gutter=&#8221;off&#8221; padding_mobile=&#8221;off&#8221; background_color=&#8221;rgba(255,255,255,0.71)&#8221; allow_player_pause=&#8221;off&#8221; parallax=&#8221;off&#8221; parallax_method=&#8221;off&#8221; make_equal=&#8221;off&#8221; parallax_1=&#8221;off&#8221; parallax_method_1=&#8221;off&#8221; parallax_2=&#8221;off&#8221; parallax_method_2=&#8221;off&#8221; parallax_3=&#8221;off&#8221; parallax_method_3=&#8221;off&#8221; parallax_4=&#8221;off&#8221; parallax_method_4=&#8221;off&#8221; column_padding_mobile=&#8221;on&#8221;][et_pb_column type=&#8221;1_4&#8243;][et_pb_image admin_label=&#8221;G\u00f6r\u00fcnt\u00fc&#8221; src=&#8221;http:\/\/falcon-is.com\/wp-content\/uploads\/2016\/04\/PROT100X2.jpg&#8221; show_in_lightbox=&#8221;off&#8221; url_new_window=&#8221;off&#8221; use_overlay=&#8221;off&#8221; animation=&#8221;left&#8221; sticky=&#8221;off&#8221; align=&#8221;left&#8221; force_fullwidth=&#8221;off&#8221; always_center_on_mobile=&#8221;on&#8221; use_border_color=&#8221;off&#8221; border_color=&#8221;#ffffff&#8221; border_style=&#8221;solid&#8221; url=&#8221;http:\/\/falcon-is.com\/tr\/t100x2-pro-hidrolik\/&#8221;] [\/et_pb_image][et_pb_text admin_label=&#8221;Metin&#8221; background_layout=&#8221;light&#8221; text_orientation=&#8221;left&#8221; use_border_color=&#8221;off&#8221; border_color=&#8221;#ffffff&#8221; border_style=&#8221;solid&#8221;]<\/p>\n<p style=\"text-align: center;\"><em><strong>T100X2 PRO PS H\u0130DROL\u0130K PERDAH<\/strong><\/em><\/p>\n<p>[\/et_pb_text][et_pb_image admin_label=&#8221;G\u00f6r\u00fcnt\u00fc&#8221; src=&#8221;http:\/\/falcon-is.com\/wp-content\/uploads\/2016\/04\/t120perdah.jpg&#8221; show_in_lightbox=&#8221;off&#8221; url_new_window=&#8221;off&#8221; use_overlay=&#8221;off&#8221; animation=&#8221;left&#8221; sticky=&#8221;off&#8221; align=&#8221;left&#8221; force_fullwidth=&#8221;off&#8221; always_center_on_mobile=&#8221;on&#8221; use_border_color=&#8221;off&#8221; border_color=&#8221;#ffffff&#8221; border_style=&#8221;solid&#8221; url=&#8221;http:\/\/falcon-is.com\/tr\/t120-perdah-makinesi\/&#8221;] [\/et_pb_image][et_pb_text admin_label=&#8221;Metin&#8221; background_layout=&#8221;light&#8221; text_orientation=&#8221;left&#8221; use_border_color=&#8221;off&#8221; border_color=&#8221;#ffffff&#8221; border_style=&#8221;solid&#8221;]<\/p>\n<p style=\"text-align: center;\"><em><strong>T120PRO TEKL\u0130 PERDAH MAK\u0130NES\u0130<\/strong><\/em><\/p>\n<p>[\/et_pb_text][\/et_pb_column][et_pb_column type=&#8221;1_4&#8243;][et_pb_image admin_label=&#8221;G\u00f6r\u00fcnt\u00fc&#8221; src=&#8221;http:\/\/falcon-is.com\/wp-content\/uploads\/2016\/04\/t100x2.jpg&#8221; show_in_lightbox=&#8221;off&#8221; url_new_window=&#8221;off&#8221; use_overlay=&#8221;off&#8221; animation=&#8221;left&#8221; sticky=&#8221;off&#8221; align=&#8221;left&#8221; force_fullwidth=&#8221;off&#8221; always_center_on_mobile=&#8221;on&#8221; use_border_color=&#8221;off&#8221; border_color=&#8221;#ffffff&#8221; border_style=&#8221;solid&#8221; url=&#8221;http:\/\/falcon-is.com\/tr\/t100x2-ciftli-perdah-makinesi\/&#8221;] [\/et_pb_image][et_pb_text admin_label=&#8221;Metin&#8221; background_layout=&#8221;light&#8221; text_orientation=&#8221;left&#8221; use_border_color=&#8221;off&#8221; border_color=&#8221;#ffffff&#8221; border_style=&#8221;solid&#8221;]<\/p>\n<p style=\"text-align: center;\"><em><strong>T100X2 \u00c7\u0130FTL\u0130 PERDAH<\/strong><\/em><\/p>\n<p>[\/et_pb_text][et_pb_image admin_label=&#8221;G\u00f6r\u00fcnt\u00fc&#8221; src=&#8221;http:\/\/falcon-is.com\/wp-content\/uploads\/2016\/04\/t100perdah.jpg&#8221; show_in_lightbox=&#8221;off&#8221; url_new_window=&#8221;off&#8221; use_overlay=&#8221;off&#8221; animation=&#8221;left&#8221; sticky=&#8221;off&#8221; align=&#8221;left&#8221; force_fullwidth=&#8221;off&#8221; always_center_on_mobile=&#8221;on&#8221; use_border_color=&#8221;off&#8221; border_color=&#8221;#ffffff&#8221; border_style=&#8221;solid&#8221; url=&#8221;http:\/\/falcon-is.com\/tr\/t100-perdah-makinesi\/&#8221;] [\/et_pb_image][et_pb_text admin_label=&#8221;Metin&#8221; background_layout=&#8221;light&#8221; text_orientation=&#8221;left&#8221; use_border_color=&#8221;off&#8221; border_color=&#8221;#ffffff&#8221; border_style=&#8221;solid&#8221;]<\/p>\n<p style=\"text-align: center;\"><em><strong>T100PRO TEKL\u0130 PERDAH MAK\u0130NES\u0130<\/strong><\/em><\/p>\n<p>[\/et_pb_text][\/et_pb_column][et_pb_column type=&#8221;1_4&#8243;][et_pb_image admin_label=&#8221;G\u00f6r\u00fcnt\u00fc&#8221; src=&#8221;http:\/\/falcon-is.com\/wp-content\/uploads\/2016\/04\/t75x2.jpg&#8221; show_in_lightbox=&#8221;off&#8221; url_new_window=&#8221;off&#8221; use_overlay=&#8221;off&#8221; animation=&#8221;left&#8221; sticky=&#8221;off&#8221; align=&#8221;left&#8221; force_fullwidth=&#8221;off&#8221; always_center_on_mobile=&#8221;on&#8221; use_border_color=&#8221;off&#8221; border_color=&#8221;#ffffff&#8221; border_style=&#8221;solid&#8221; url=&#8221;http:\/\/falcon-is.com\/tr\/t75x2-kenar-kose-ciftli-perdah\/&#8221;] [\/et_pb_image][et_pb_text admin_label=&#8221;Metin&#8221; background_layout=&#8221;light&#8221; text_orientation=&#8221;left&#8221; use_border_color=&#8221;off&#8221; border_color=&#8221;#ffffff&#8221; border_style=&#8221;solid&#8221;]<\/p>\n<p style=\"text-align: center;\"><em><strong>T75X2 KENAR K\u00d6\u015eE \u00c7\u0130FTL\u0130 PERDAH<\/strong><\/em><\/p>\n<p>[\/et_pb_text][et_pb_image admin_label=&#8221;G\u00f6r\u00fcnt\u00fc&#8221; src=&#8221;http:\/\/falcon-is.com\/wp-content\/uploads\/2016\/04\/t70perdah.jpg&#8221; show_in_lightbox=&#8221;off&#8221; url_new_window=&#8221;off&#8221; use_overlay=&#8221;off&#8221; animation=&#8221;left&#8221; sticky=&#8221;off&#8221; align=&#8221;left&#8221; force_fullwidth=&#8221;off&#8221; always_center_on_mobile=&#8221;on&#8221; use_border_color=&#8221;off&#8221; border_color=&#8221;#ffffff&#8221; border_style=&#8221;solid&#8221; url=&#8221;http:\/\/falcon-is.com\/tr\/t70-perdah-makinesi\/&#8221;] [\/et_pb_image][et_pb_text admin_label=&#8221;Metin&#8221; background_layout=&#8221;light&#8221; text_orientation=&#8221;left&#8221; use_border_color=&#8221;off&#8221; border_color=&#8221;#ffffff&#8221; border_style=&#8221;solid&#8221;]<\/p>\n<p style=\"text-align: center;\"><em><strong>T70PRO TEKL\u0130 PERDAH MAK\u0130NES\u0130<\/strong><\/em><\/p>\n<p>[\/et_pb_text][\/et_pb_column][et_pb_column type=&#8221;1_4&#8243;][et_pb_image admin_label=&#8221;G\u00f6r\u00fcnt\u00fc&#8221; src=&#8221;http:\/\/falcon-is.com\/wp-content\/uploads\/2016\/04\/stdperdah.jpg&#8221; show_in_lightbox=&#8221;off&#8221; url_new_window=&#8221;off&#8221; use_overlay=&#8221;off&#8221; animation=&#8221;left&#8221; sticky=&#8221;off&#8221; align=&#8221;left&#8221; force_fullwidth=&#8221;off&#8221; always_center_on_mobile=&#8221;on&#8221; use_border_color=&#8221;off&#8221; border_color=&#8221;#ffffff&#8221; border_style=&#8221;solid&#8221; url=&#8221;http:\/\/falcon-is.com\/tr\/std100-perdah-makinesi\/&#8221;] [\/et_pb_image][et_pb_text admin_label=&#8221;Metin&#8221; background_layout=&#8221;light&#8221; text_orientation=&#8221;left&#8221; use_border_color=&#8221;off&#8221; border_color=&#8221;#ffffff&#8221; border_style=&#8221;solid&#8221;]<\/p>\n<p style=\"text-align: center;\"><em><strong>T100 STANDART PERDAH<\/strong><\/em><\/p>\n<p>[\/et_pb_text][et_pb_image admin_label=&#8221;G\u00f6r\u00fcnt\u00fc&#8221; src=&#8221;http:\/\/falcon-is.com\/wp-content\/uploads\/2016\/04\/kenarkose-perdah.jpg&#8221; show_in_lightbox=&#8221;off&#8221; url_new_window=&#8221;off&#8221; use_overlay=&#8221;off&#8221; animation=&#8221;left&#8221; sticky=&#8221;off&#8221; align=&#8221;left&#8221; force_fullwidth=&#8221;off&#8221; always_center_on_mobile=&#8221;on&#8221; use_border_color=&#8221;off&#8221; border_color=&#8221;#ffffff&#8221; border_style=&#8221;solid&#8221; url=&#8221;http:\/\/falcon-is.com\/tr\/t60-kenar-kose-perdah-makinesi\/&#8221;] [\/et_pb_image][et_pb_text admin_label=&#8221;Metin&#8221; background_layout=&#8221;light&#8221; text_orientation=&#8221;left&#8221; use_border_color=&#8221;off&#8221; border_color=&#8221;#ffffff&#8221; border_style=&#8221;solid&#8221;]<\/p>\n<p style=\"text-align: center;\"><em><strong>T65 Kenar K\u00f6\u015fe Perdah Makinesi<\/strong><\/em><\/p>\n<p>[\/et_pb_text][\/et_pb_column][\/et_pb_row][\/et_pb_section]<\/p>","protected":false},"excerpt":{"rendered":"<p>[et_pb_section admin_label=&#8221;section&#8221; background_image=&#8221;http:\/\/falcon-is.com\/wp-content\/uploads\/2016\/04\/BG2.jpg&#8221; transparent_background=&#8221;off&#8221; background_color=&#8221;#ffffff&#8221; allow_player_pause=&#8221;off&#8221; inner_shadow=&#8221;off&#8221; parallax=&#8221;off&#8221; parallax_method=&#8221;off&#8221; padding_mobile=&#8221;off&#8221; make_fullwidth=&#8221;off&#8221; use_custom_width=&#8221;off&#8221; width_unit=&#8221;on&#8221; make_equal=&#8221;off&#8221; use_custom_gutter=&#8221;off&#8221;][et_pb_row admin_label=&#8221;row&#8221; make_fullwidth=&#8221;off&#8221; use_custom_width=&#8221;off&#8221; width_unit=&#8221;on&#8221; use_custom_gutter=&#8221;off&#8221; padding_mobile=&#8221;off&#8221; background_color=&#8221;rgba(255,255,255,0.71)&#8221; allow_player_pause=&#8221;off&#8221; parallax=&#8221;off&#8221; parallax_method=&#8221;off&#8221; make_equal=&#8221;off&#8221; parallax_1=&#8221;off&#8221; parallax_method_1=&#8221;off&#8221; parallax_2=&#8221;off&#8221; parallax_method_2=&#8221;off&#8221; parallax_3=&#8221;off&#8221; parallax_method_3=&#8221;off&#8221; parallax_4=&#8221;off&#8221; parallax_method_4=&#8221;off&#8221; column_padding_mobile=&#8221;on&#8221;][et_pb_column type=&#8221;1_4&#8243;][et_pb_image admin_label=&#8221;G\u00f6r\u00fcnt\u00fc&#8221; src=&#8221;http:\/\/falcon-is.com\/wp-content\/uploads\/2016\/04\/PROT100X2.jpg&#8221; show_in_lightbox=&#8221;off&#8221; url_new_window=&#8221;off&#8221; use_overlay=&#8221;off&#8221; animation=&#8221;left&#8221; sticky=&#8221;off&#8221; align=&#8221;left&#8221; force_fullwidth=&#8221;off&#8221; always_center_on_mobile=&#8221;on&#8221; use_border_color=&#8221;off&#8221; border_color=&#8221;#ffffff&#8221; border_style=&#8221;solid&#8221; url=&#8221;http:\/\/falcon-is.com\/tr\/t100x2-pro-hidrolik\/&#8221;] [\/et_pb_image][et_pb_text admin_label=&#8221;Metin&#8221; background_layout=&#8221;light&#8221; text_orientation=&#8221;left&#8221; use_border_color=&#8221;off&#8221; [&hellip;]<\/p>\n","protected":false},"author":1,"featured_media":0,"parent":0,"menu_order":0,"comment_status":"closed","ping_status":"closed","template":"","meta":[],"_links":{"self":[{"href":"https:\/\/falcon-is.com\/tr\/wp-json\/wp\/v2\/pages\/103"}],"collection":[{"href":"https:\/\/falcon-is.com\/tr\/wp-json\/wp\/v2\/pages"}],"about":[{"href":"https:\/\/falcon-is.com\/tr\/wp-json\/wp\/v2\/types\/page"}],"author":[{"embeddable":true,"href":"https:\/\/falcon-is.com\/tr\/wp-json\/wp\/v2\/users\/1"}],"replies":[{"embeddable":true,"href":"https:\/\/falcon-is.com\/tr\/wp-json\/wp\/v2\/comments?post=103"}],"version-history":[{"count":9,"href":"https:\/\/falcon-is.com\/tr\/wp-json\/wp\/v2\/pages\/103\/revisions"}],"predecessor-version":[{"id":335,"href":"https:\/\/falcon-is.com\/tr\/wp-json\/wp\/v2\/pages\/103\/revisions\/335"}],"wp:attachment":[{"href":"https:\/\/falcon-is.com\/tr\/wp-json\/wp\/v2\/media?parent=103"}],"curies":[{"name":"wp","href":"https:\/\/api.w.org\/{rel}","templated":true}]}}