{"id":328,"date":"2016-04-28T12:03:53","date_gmt":"2016-04-28T12:03:53","guid":{"rendered":"http:\/\/falcon-is.com\/?page_id=328"},"modified":"2016-04-28T12:03:53","modified_gmt":"2016-04-28T12:03:53","slug":"fzf320-zemin-freze-makinesi","status":"publish","type":"page","link":"http:\/\/falcon-is.com\/tr\/fzf320-zemin-freze-makinesi\/","title":{"rendered":"FZF320 Zemin Freze Makinesi"},"content":{"rendered":"<p>[et_pb_section admin_label=&#8221;section&#8221; background_image=&#8221;http:\/\/falcon-is.com\/wp-content\/uploads\/2016\/04\/BG2.jpg&#8221; transparent_background=&#8221;off&#8221; allow_player_pause=&#8221;off&#8221; inner_shadow=&#8221;off&#8221; parallax=&#8221;off&#8221; parallax_method=&#8221;off&#8221; padding_mobile=&#8221;off&#8221; make_fullwidth=&#8221;off&#8221; use_custom_width=&#8221;off&#8221; width_unit=&#8221;on&#8221; make_equal=&#8221;off&#8221; use_custom_gutter=&#8221;off&#8221;][et_pb_row admin_label=&#8221;row&#8221; make_fullwidth=&#8221;off&#8221; use_custom_width=&#8221;off&#8221; width_unit=&#8221;on&#8221; use_custom_gutter=&#8221;off&#8221; padding_mobile=&#8221;off&#8221; background_color=&#8221;#ffffff&#8221; allow_player_pause=&#8221;off&#8221; parallax=&#8221;off&#8221; parallax_method=&#8221;off&#8221; make_equal=&#8221;off&#8221; column_padding_mobile=&#8221;on&#8221;][et_pb_column type=&#8221;1_2&#8243;][et_pb_image admin_label=&#8221;G\u00f6r\u00fcnt\u00fc&#8221; src=&#8221;http:\/\/falcon-is.com\/wp-content\/uploads\/2016\/04\/fzf300zeminfreze.jpg&#8221; show_in_lightbox=&#8221;on&#8221; url_new_window=&#8221;off&#8221; use_overlay=&#8221;off&#8221; animation=&#8221;left&#8221; sticky=&#8221;off&#8221; align=&#8221;left&#8221; force_fullwidth=&#8221;off&#8221; always_center_on_mobile=&#8221;on&#8221; use_border_color=&#8221;off&#8221; border_color=&#8221;#ffffff&#8221; border_style=&#8221;solid&#8221; \/][\/et_pb_column][et_pb_column type=&#8221;1_2&#8243;][et_pb_text admin_label=&#8221;Metin&#8221; background_layout=&#8221;light&#8221; text_orientation=&#8221;left&#8221; use_border_color=&#8221;off&#8221; border_color=&#8221;#ffffff&#8221; border_style=&#8221;solid&#8221;]<\/p>\n<table width=\"397\">\n<tbody>\n<tr>\n<td width=\"197\">MODEL<\/td>\n<td width=\"200\">FZF320<\/td>\n<\/tr>\n<tr>\n<td>\u00d6l\u00e7\u00fcler ( Boy x En x Y\u00fckseklik )<\/td>\n<td>1450x770x1170 mm<\/td>\n<\/tr>\n<tr>\n<td>A\u011f\u0131rl\u0131k<\/td>\n<td>390 kg<\/td>\n<\/tr>\n<tr>\n<td>\u00c7al\u0131\u015fma Geni\u015fli\u011fi<\/td>\n<td>320 mm<\/td>\n<\/tr>\n<tr>\n<td>Aktarma<\/td>\n<td><\/td>\n<\/tr>\n<tr>\n<td>Standart U\u00e7<\/td>\n<td>Tungsten Carbide U\u00e7<\/td>\n<\/tr>\n<tr>\n<td>Opsiyonel U\u00e7<\/td>\n<td>&#8211;<\/td>\n<\/tr>\n<tr>\n<td>Max. Frezeleme Derinli\u011fi<\/td>\n<td>16 mm ( 2 ge\u00e7i\u015fte )<\/td>\n<\/tr>\n<tr>\n<td>Performans<\/td>\n<td>50-90 m\u00b2 \/saat<\/td>\n<\/tr>\n<tr>\n<td rowspan=\"2\" width=\"197\">Elektrikli Motor<\/td>\n<td rowspan=\"2\" width=\"200\">7,5 KW -Trifaze<\/td>\n<\/tr>\n<\/tbody>\n<\/table>\n<table width=\"397\">\n<tbody>\n<tr>\n<td rowspan=\"5\" width=\"197\">Uygulamalar<\/td>\n<td width=\"200\">Kald\u0131r\u0131m Onar\u0131m<\/td>\n<\/tr>\n<tr>\n<td>Boya \u00c7\u0131kartma<\/td>\n<\/tr>\n<tr>\n<td>Zemin Haz\u0131rlama ve Temizleme<\/td>\n<\/tr>\n<tr>\n<td>Kaymaz Y\u00fczeyler Olu\u015fturma<\/td>\n<\/tr>\n<tr>\n<td>Yol \u00c7izgisi Silinmesi<\/td>\n<\/tr>\n<\/tbody>\n<\/table>\n<p>[\/et_pb_text][\/et_pb_column][\/et_pb_row][\/et_pb_section]<\/p>","protected":false},"excerpt":{"rendered":"<p>[et_pb_section admin_label=&#8221;section&#8221; background_image=&#8221;http:\/\/falcon-is.com\/wp-content\/uploads\/2016\/04\/BG2.jpg&#8221; transparent_background=&#8221;off&#8221; allow_player_pause=&#8221;off&#8221; inner_shadow=&#8221;off&#8221; parallax=&#8221;off&#8221; parallax_method=&#8221;off&#8221; padding_mobile=&#8221;off&#8221; make_fullwidth=&#8221;off&#8221; use_custom_width=&#8221;off&#8221; width_unit=&#8221;on&#8221; make_equal=&#8221;off&#8221; use_custom_gutter=&#8221;off&#8221;][et_pb_row admin_label=&#8221;row&#8221; make_fullwidth=&#8221;off&#8221; use_custom_width=&#8221;off&#8221; width_unit=&#8221;on&#8221; use_custom_gutter=&#8221;off&#8221; padding_mobile=&#8221;off&#8221; background_color=&#8221;#ffffff&#8221; allow_player_pause=&#8221;off&#8221; parallax=&#8221;off&#8221; parallax_method=&#8221;off&#8221; make_equal=&#8221;off&#8221; column_padding_mobile=&#8221;on&#8221;][et_pb_column type=&#8221;1_2&#8243;][et_pb_image admin_label=&#8221;G\u00f6r\u00fcnt\u00fc&#8221; src=&#8221;http:\/\/falcon-is.com\/wp-content\/uploads\/2016\/04\/fzf300zeminfreze.jpg&#8221; show_in_lightbox=&#8221;on&#8221; url_new_window=&#8221;off&#8221; use_overlay=&#8221;off&#8221; animation=&#8221;left&#8221; sticky=&#8221;off&#8221; align=&#8221;left&#8221; force_fullwidth=&#8221;off&#8221; always_center_on_mobile=&#8221;on&#8221; use_border_color=&#8221;off&#8221; border_color=&#8221;#ffffff&#8221; border_style=&#8221;solid&#8221; \/][\/et_pb_column][et_pb_column type=&#8221;1_2&#8243;][et_pb_text admin_label=&#8221;Metin&#8221; background_layout=&#8221;light&#8221; text_orientation=&#8221;left&#8221; use_border_color=&#8221;off&#8221; border_color=&#8221;#ffffff&#8221; border_style=&#8221;solid&#8221;] MODEL FZF320 \u00d6l\u00e7\u00fcler ( Boy x En [&hellip;]<\/p>\n","protected":false},"author":1,"featured_media":0,"parent":0,"menu_order":0,"comment_status":"closed","ping_status":"closed","template":"","meta":[],"_links":{"self":[{"href":"http:\/\/falcon-is.com\/tr\/wp-json\/wp\/v2\/pages\/328"}],"collection":[{"href":"http:\/\/falcon-is.com\/tr\/wp-json\/wp\/v2\/pages"}],"about":[{"href":"http:\/\/falcon-is.com\/tr\/wp-json\/wp\/v2\/types\/page"}],"author":[{"embeddable":true,"href":"http:\/\/falcon-is.com\/tr\/wp-json\/wp\/v2\/users\/1"}],"replies":[{"embeddable":true,"href":"http:\/\/falcon-is.com\/tr\/wp-json\/wp\/v2\/comments?post=328"}],"version-history":[{"count":1,"href":"http:\/\/falcon-is.com\/tr\/wp-json\/wp\/v2\/pages\/328\/revisions"}],"predecessor-version":[{"id":329,"href":"http:\/\/falcon-is.com\/tr\/wp-json\/wp\/v2\/pages\/328\/revisions\/329"}],"wp:attachment":[{"href":"http:\/\/falcon-is.com\/tr\/wp-json\/wp\/v2\/media?parent=328"}],"curies":[{"name":"wp","href":"https:\/\/api.w.org\/{rel}","templated":true}]}}