{"id":314,"date":"2016-04-28T11:05:23","date_gmt":"2016-04-28T11:05:23","guid":{"rendered":"http:\/\/falcon-is.com\/?page_id=314"},"modified":"2016-04-28T11:06:36","modified_gmt":"2016-04-28T11:06:36","slug":"sirt-canta-tipi-vibrator","status":"publish","type":"page","link":"http:\/\/falcon-is.com\/tr\/sirt-canta-tipi-vibrator\/","title":{"rendered":"S\u0131rt \u00c7anta Tipi Vibrat\u00f6r"},"content":{"rendered":"<p>[et_pb_section admin_label=&#8221;section&#8221; background_image=&#8221;http:\/\/falcon-is.com\/wp-content\/uploads\/2016\/04\/BG2.jpg&#8221; transparent_background=&#8221;off&#8221; allow_player_pause=&#8221;off&#8221; inner_shadow=&#8221;off&#8221; parallax=&#8221;off&#8221; parallax_method=&#8221;off&#8221; padding_mobile=&#8221;off&#8221; make_fullwidth=&#8221;off&#8221; use_custom_width=&#8221;off&#8221; width_unit=&#8221;on&#8221; make_equal=&#8221;off&#8221; use_custom_gutter=&#8221;off&#8221;][et_pb_row admin_label=&#8221;row&#8221; make_fullwidth=&#8221;off&#8221; use_custom_width=&#8221;off&#8221; width_unit=&#8221;on&#8221; use_custom_gutter=&#8221;off&#8221; padding_mobile=&#8221;off&#8221; background_color=&#8221;#ffffff&#8221; allow_player_pause=&#8221;off&#8221; parallax=&#8221;off&#8221; parallax_method=&#8221;off&#8221; make_equal=&#8221;off&#8221; column_padding_mobile=&#8221;on&#8221;][et_pb_column type=&#8221;4_4&#8243;][et_pb_image admin_label=&#8221;G\u00f6r\u00fcnt\u00fc&#8221; src=&#8221;http:\/\/falcon-is.com\/wp-content\/uploads\/2016\/04\/s\u0131rttipivibrator.jpg&#8221; show_in_lightbox=&#8221;on&#8221; url_new_window=&#8221;off&#8221; use_overlay=&#8221;off&#8221; animation=&#8221;left&#8221; sticky=&#8221;off&#8221; align=&#8221;left&#8221; force_fullwidth=&#8221;off&#8221; always_center_on_mobile=&#8221;on&#8221; use_border_color=&#8221;off&#8221; border_color=&#8221;#ffffff&#8221; border_style=&#8221;solid&#8221;] [\/et_pb_image][et_pb_text admin_label=&#8221;Metin&#8221; background_layout=&#8221;light&#8221; text_orientation=&#8221;left&#8221; use_border_color=&#8221;off&#8221; border_color=&#8221;#ffffff&#8221; border_style=&#8221;solid&#8221;]<\/p>\n<table style=\"height: 163px;\" width=\"523\">\n<tbody>\n<tr>\n<td style=\"text-align: center;\" width=\"260\">MODEL<\/td>\n<td style=\"text-align: center;\" width=\"72\">A\u011eIRLIK (KG)<\/td>\n<td style=\"text-align: center;\" width=\"64\">MOTOR<\/td>\n<td style=\"text-align: center;\" width=\"64\">S\u0130L\u0130ND\u0130R KAPAS\u0130TE CC.<\/td>\n<td style=\"text-align: center;\" width=\"64\">G\u00dc\u00c7 HP<\/td>\n<td style=\"text-align: center;\" width=\"64\">YAKIT<\/td>\n<td style=\"text-align: center;\" width=\"64\">UZUNLU\u011eU M<\/td>\n<td style=\"text-align: center;\" width=\"64\">\u00c7AP AA<\/td>\n<\/tr>\n<tr>\n<td style=\"text-align: center;\" width=\"260\">SIRT H<\/td>\n<td style=\"text-align: center;\" width=\"72\">7<\/td>\n<td style=\"text-align: center;\" width=\"64\">HONDA GX35 4 ST<\/td>\n<td style=\"text-align: center;\" width=\"64\">35,8<\/td>\n<td style=\"text-align: center;\" width=\"64\">1,6<\/td>\n<td style=\"text-align: center;\" width=\"64\">KUR\u015eUNSUZ BENZ\u0130N<\/td>\n<td style=\"text-align: center;\" width=\"64\">\u00a02 &#8211; 3<\/td>\n<td style=\"text-align: center;\" width=\"64\">25 &#8211; 32 &#8211; 40-48<\/td>\n<\/tr>\n<\/tbody>\n<\/table>\n<p>[\/et_pb_text][\/et_pb_column][\/et_pb_row][\/et_pb_section]<\/p>","protected":false},"excerpt":{"rendered":"<p>[et_pb_section admin_label=&#8221;section&#8221; background_image=&#8221;http:\/\/falcon-is.com\/wp-content\/uploads\/2016\/04\/BG2.jpg&#8221; transparent_background=&#8221;off&#8221; allow_player_pause=&#8221;off&#8221; inner_shadow=&#8221;off&#8221; parallax=&#8221;off&#8221; parallax_method=&#8221;off&#8221; padding_mobile=&#8221;off&#8221; make_fullwidth=&#8221;off&#8221; use_custom_width=&#8221;off&#8221; width_unit=&#8221;on&#8221; make_equal=&#8221;off&#8221; use_custom_gutter=&#8221;off&#8221;][et_pb_row admin_label=&#8221;row&#8221; make_fullwidth=&#8221;off&#8221; use_custom_width=&#8221;off&#8221; width_unit=&#8221;on&#8221; use_custom_gutter=&#8221;off&#8221; padding_mobile=&#8221;off&#8221; background_color=&#8221;#ffffff&#8221; allow_player_pause=&#8221;off&#8221; parallax=&#8221;off&#8221; parallax_method=&#8221;off&#8221; make_equal=&#8221;off&#8221; column_padding_mobile=&#8221;on&#8221;][et_pb_column type=&#8221;4_4&#8243;][et_pb_image admin_label=&#8221;G\u00f6r\u00fcnt\u00fc&#8221; src=&#8221;http:\/\/falcon-is.com\/wp-content\/uploads\/2016\/04\/s\u0131rttipivibrator.jpg&#8221; show_in_lightbox=&#8221;on&#8221; url_new_window=&#8221;off&#8221; use_overlay=&#8221;off&#8221; animation=&#8221;left&#8221; sticky=&#8221;off&#8221; align=&#8221;left&#8221; force_fullwidth=&#8221;off&#8221; always_center_on_mobile=&#8221;on&#8221; use_border_color=&#8221;off&#8221; border_color=&#8221;#ffffff&#8221; border_style=&#8221;solid&#8221;] [\/et_pb_image][et_pb_text admin_label=&#8221;Metin&#8221; background_layout=&#8221;light&#8221; text_orientation=&#8221;left&#8221; use_border_color=&#8221;off&#8221; border_color=&#8221;#ffffff&#8221; border_style=&#8221;solid&#8221;] MODEL A\u011eIRLIK (KG) MOTOR S\u0130L\u0130ND\u0130R KAPAS\u0130TE CC. G\u00dc\u00c7 [&hellip;]<\/p>\n","protected":false},"author":1,"featured_media":0,"parent":0,"menu_order":0,"comment_status":"closed","ping_status":"closed","template":"","meta":[],"_links":{"self":[{"href":"http:\/\/falcon-is.com\/tr\/wp-json\/wp\/v2\/pages\/314"}],"collection":[{"href":"http:\/\/falcon-is.com\/tr\/wp-json\/wp\/v2\/pages"}],"about":[{"href":"http:\/\/falcon-is.com\/tr\/wp-json\/wp\/v2\/types\/page"}],"author":[{"embeddable":true,"href":"http:\/\/falcon-is.com\/tr\/wp-json\/wp\/v2\/users\/1"}],"replies":[{"embeddable":true,"href":"http:\/\/falcon-is.com\/tr\/wp-json\/wp\/v2\/comments?post=314"}],"version-history":[{"count":2,"href":"http:\/\/falcon-is.com\/tr\/wp-json\/wp\/v2\/pages\/314\/revisions"}],"predecessor-version":[{"id":316,"href":"http:\/\/falcon-is.com\/tr\/wp-json\/wp\/v2\/pages\/314\/revisions\/316"}],"wp:attachment":[{"href":"http:\/\/falcon-is.com\/tr\/wp-json\/wp\/v2\/media?parent=314"}],"curies":[{"name":"wp","href":"https:\/\/api.w.org\/{rel}","templated":true}]}}