{"id":312,"date":"2016-04-28T10:54:40","date_gmt":"2016-04-28T10:54:40","guid":{"rendered":"http:\/\/falcon-is.com\/?page_id=312"},"modified":"2016-04-28T11:11:21","modified_gmt":"2016-04-28T11:11:21","slug":"omuz-tipi-siseli-vibrator","status":"publish","type":"page","link":"http:\/\/falcon-is.com\/tr\/omuz-tipi-siseli-vibrator\/","title":{"rendered":"Omuz Tipi \u015ei\u015feli Vibrat\u00f6r"},"content":{"rendered":"<p>[et_pb_section admin_label=&#8221;section&#8221; background_image=&#8221;http:\/\/falcon-is.com\/wp-content\/uploads\/2016\/04\/BG2.jpg&#8221; transparent_background=&#8221;off&#8221; allow_player_pause=&#8221;off&#8221; inner_shadow=&#8221;off&#8221; parallax=&#8221;off&#8221; parallax_method=&#8221;off&#8221; padding_mobile=&#8221;off&#8221; make_fullwidth=&#8221;off&#8221; use_custom_width=&#8221;off&#8221; width_unit=&#8221;on&#8221; make_equal=&#8221;off&#8221; use_custom_gutter=&#8221;off&#8221;][et_pb_row admin_label=&#8221;row&#8221; make_fullwidth=&#8221;off&#8221; use_custom_width=&#8221;off&#8221; width_unit=&#8221;on&#8221; use_custom_gutter=&#8221;off&#8221; padding_mobile=&#8221;off&#8221; background_color=&#8221;#ffffff&#8221; allow_player_pause=&#8221;off&#8221; parallax=&#8221;off&#8221; parallax_method=&#8221;off&#8221; make_equal=&#8221;off&#8221; column_padding_mobile=&#8221;on&#8221;][et_pb_column type=&#8221;1_2&#8243;][et_pb_image admin_label=&#8221;G\u00f6r\u00fcnt\u00fc&#8221; src=&#8221;http:\/\/falcon-is.com\/wp-content\/uploads\/2016\/04\/betonvibrator.jpg&#8221; show_in_lightbox=&#8221;off&#8221; url_new_window=&#8221;off&#8221; use_overlay=&#8221;off&#8221; animation=&#8221;left&#8221; sticky=&#8221;off&#8221; align=&#8221;left&#8221; force_fullwidth=&#8221;off&#8221; always_center_on_mobile=&#8221;on&#8221; use_border_color=&#8221;off&#8221; border_color=&#8221;#ffffff&#8221; border_style=&#8221;solid&#8221; \/][\/et_pb_column][et_pb_column type=&#8221;1_2&#8243;][et_pb_text admin_label=&#8221;Metin&#8221; background_layout=&#8221;light&#8221; text_orientation=&#8221;left&#8221; use_border_color=&#8221;off&#8221; border_color=&#8221;#ffffff&#8221; border_style=&#8221;solid&#8221;]<\/p>\n<table width=\"469\">\n<tbody>\n<tr>\n<td colspan=\"4\" width=\"469\">FALCON OMUZ T\u0130P\u0130 \u015e\u0130\u015eEL\u0130 V\u0130BRAT\u00d6R<\/td>\n<\/tr>\n<tr>\n<td>\u015e\u0130\u015eE \u00c7API<\/td>\n<td>\u00d840 mm<\/td>\n<td>\u00d848 mm<\/td>\n<td>\u00d858 mm<\/td>\n<\/tr>\n<tr>\n<td>\u00d6L\u00c7\u00dcLER<\/td>\n<td colspan=\"3\">244x345x229 mm<\/td>\n<\/tr>\n<tr>\n<td>TAHR\u0130K A\u011eIRLI\u011eI<\/td>\n<td colspan=\"3\">5,4 KG<\/td>\n<\/tr>\n<tr>\n<td>\u015e\u0130\u015eE A\u011eIRLI\u011eI<\/td>\n<td>1,9 KG<\/td>\n<td>3,4 KG<\/td>\n<td>5,5 KG<\/td>\n<\/tr>\n<tr>\n<td>HORTUM A\u011eIRLI\u011eI<\/td>\n<td>5 &#8211; 6 KG<\/td>\n<td>5 &#8211; 6 KG<\/td>\n<td>7 KG<\/td>\n<\/tr>\n<tr>\n<td>HORTUM BOYU<\/td>\n<td colspan=\"3\">3 &#8211; 6 m<\/td>\n<\/tr>\n<tr>\n<td>G\u00dc\u00c7<\/td>\n<td colspan=\"3\">2300 W<\/td>\n<\/tr>\n<tr>\n<td>VOLTAJ<\/td>\n<td colspan=\"3\">220 V<\/td>\n<\/tr>\n<tr>\n<td>Hz<\/td>\n<td colspan=\"3\">50 &#8211; 60<\/td>\n<\/tr>\n<tr>\n<td>rpm<\/td>\n<td colspan=\"3\">18000<\/td>\n<\/tr>\n<\/tbody>\n<\/table>\n<p>[\/et_pb_text][\/et_pb_column][\/et_pb_row][\/et_pb_section]<\/p>","protected":false},"excerpt":{"rendered":"<p>[et_pb_section admin_label=&#8221;section&#8221; background_image=&#8221;http:\/\/falcon-is.com\/wp-content\/uploads\/2016\/04\/BG2.jpg&#8221; transparent_background=&#8221;off&#8221; allow_player_pause=&#8221;off&#8221; inner_shadow=&#8221;off&#8221; parallax=&#8221;off&#8221; parallax_method=&#8221;off&#8221; padding_mobile=&#8221;off&#8221; make_fullwidth=&#8221;off&#8221; use_custom_width=&#8221;off&#8221; width_unit=&#8221;on&#8221; make_equal=&#8221;off&#8221; use_custom_gutter=&#8221;off&#8221;][et_pb_row admin_label=&#8221;row&#8221; make_fullwidth=&#8221;off&#8221; use_custom_width=&#8221;off&#8221; width_unit=&#8221;on&#8221; use_custom_gutter=&#8221;off&#8221; padding_mobile=&#8221;off&#8221; background_color=&#8221;#ffffff&#8221; allow_player_pause=&#8221;off&#8221; parallax=&#8221;off&#8221; parallax_method=&#8221;off&#8221; make_equal=&#8221;off&#8221; column_padding_mobile=&#8221;on&#8221;][et_pb_column type=&#8221;1_2&#8243;][et_pb_image admin_label=&#8221;G\u00f6r\u00fcnt\u00fc&#8221; src=&#8221;http:\/\/falcon-is.com\/wp-content\/uploads\/2016\/04\/betonvibrator.jpg&#8221; show_in_lightbox=&#8221;off&#8221; url_new_window=&#8221;off&#8221; use_overlay=&#8221;off&#8221; animation=&#8221;left&#8221; sticky=&#8221;off&#8221; align=&#8221;left&#8221; force_fullwidth=&#8221;off&#8221; always_center_on_mobile=&#8221;on&#8221; use_border_color=&#8221;off&#8221; border_color=&#8221;#ffffff&#8221; border_style=&#8221;solid&#8221; \/][\/et_pb_column][et_pb_column type=&#8221;1_2&#8243;][et_pb_text admin_label=&#8221;Metin&#8221; background_layout=&#8221;light&#8221; text_orientation=&#8221;left&#8221; use_border_color=&#8221;off&#8221; border_color=&#8221;#ffffff&#8221; border_style=&#8221;solid&#8221;] FALCON OMUZ T\u0130P\u0130 \u015e\u0130\u015eEL\u0130 V\u0130BRAT\u00d6R \u015e\u0130\u015eE \u00c7API [&hellip;]<\/p>\n","protected":false},"author":1,"featured_media":0,"parent":0,"menu_order":0,"comment_status":"closed","ping_status":"closed","template":"","meta":[],"_links":{"self":[{"href":"http:\/\/falcon-is.com\/tr\/wp-json\/wp\/v2\/pages\/312"}],"collection":[{"href":"http:\/\/falcon-is.com\/tr\/wp-json\/wp\/v2\/pages"}],"about":[{"href":"http:\/\/falcon-is.com\/tr\/wp-json\/wp\/v2\/types\/page"}],"author":[{"embeddable":true,"href":"http:\/\/falcon-is.com\/tr\/wp-json\/wp\/v2\/users\/1"}],"replies":[{"embeddable":true,"href":"http:\/\/falcon-is.com\/tr\/wp-json\/wp\/v2\/comments?post=312"}],"version-history":[{"count":1,"href":"http:\/\/falcon-is.com\/tr\/wp-json\/wp\/v2\/pages\/312\/revisions"}],"predecessor-version":[{"id":313,"href":"http:\/\/falcon-is.com\/tr\/wp-json\/wp\/v2\/pages\/312\/revisions\/313"}],"wp:attachment":[{"href":"http:\/\/falcon-is.com\/tr\/wp-json\/wp\/v2\/media?parent=312"}],"curies":[{"name":"wp","href":"https:\/\/api.w.org\/{rel}","templated":true}]}}