{"id":297,"date":"2016-04-28T09:29:24","date_gmt":"2016-04-28T09:29:24","guid":{"rendered":"http:\/\/falcon-is.com\/?page_id=297"},"modified":"2016-04-28T11:11:53","modified_gmt":"2016-04-28T11:11:53","slug":"fc180-derz-asfalt-kesme-makinesi","status":"publish","type":"page","link":"http:\/\/falcon-is.com\/tr\/fc180-derz-asfalt-kesme-makinesi\/","title":{"rendered":"FC180 Derz Asfalt Kesme Makinesi"},"content":{"rendered":"<p>[et_pb_section admin_label=&#8221;section&#8221; background_image=&#8221;http:\/\/falcon-is.com\/wp-content\/uploads\/2016\/04\/BG2.jpg&#8221; transparent_background=&#8221;off&#8221; allow_player_pause=&#8221;off&#8221; inner_shadow=&#8221;off&#8221; parallax=&#8221;off&#8221; parallax_method=&#8221;off&#8221; padding_mobile=&#8221;off&#8221; make_fullwidth=&#8221;off&#8221; use_custom_width=&#8221;off&#8221; width_unit=&#8221;on&#8221; make_equal=&#8221;off&#8221; use_custom_gutter=&#8221;off&#8221;][et_pb_row admin_label=&#8221;row&#8221; make_fullwidth=&#8221;off&#8221; use_custom_width=&#8221;off&#8221; width_unit=&#8221;on&#8221; use_custom_gutter=&#8221;off&#8221; padding_mobile=&#8221;off&#8221; background_color=&#8221;#ffffff&#8221; allow_player_pause=&#8221;off&#8221; parallax=&#8221;off&#8221; parallax_method=&#8221;off&#8221; make_equal=&#8221;off&#8221; column_padding_mobile=&#8221;on&#8221;][et_pb_column type=&#8221;1_2&#8243;][et_pb_image admin_label=&#8221;G\u00f6r\u00fcnt\u00fc&#8221; src=&#8221;http:\/\/falcon-is.com\/wp-content\/uploads\/2016\/04\/fc180.jpg&#8221; show_in_lightbox=&#8221;off&#8221; url_new_window=&#8221;off&#8221; use_overlay=&#8221;off&#8221; animation=&#8221;left&#8221; sticky=&#8221;off&#8221; align=&#8221;left&#8221; force_fullwidth=&#8221;off&#8221; always_center_on_mobile=&#8221;on&#8221; use_border_color=&#8221;off&#8221; border_color=&#8221;#ffffff&#8221; border_style=&#8221;solid&#8221; \/][\/et_pb_column][et_pb_column type=&#8221;1_2&#8243;][et_pb_text admin_label=&#8221;Metin&#8221; background_layout=&#8221;light&#8221; text_orientation=&#8221;left&#8221; use_border_color=&#8221;off&#8221; border_color=&#8221;#ffffff&#8221; border_style=&#8221;solid&#8221;]<\/p>\n<table width=\"482\">\n<tbody>\n<tr>\n<td width=\"265\">MODEL<\/td>\n<td width=\"217\">FC180<\/td>\n<\/tr>\n<tr>\n<td>\u00d6l\u00e7\u00fcler ( Boy x En x Y\u00fckseklik )<\/td>\n<td>&#8211;<\/td>\n<\/tr>\n<tr>\n<td>\u00d6l\u00e7\u00fcler ( Boy x En x Y\u00fckseklik ) -YO<\/td>\n<td>1450x860x1110 mm<\/td>\n<\/tr>\n<tr>\n<td>\u0130z G\u00f6stergesi<\/td>\n<td>1040 mm<\/td>\n<\/tr>\n<tr>\n<td>A\u011f\u0131rl\u0131k<\/td>\n<td>160-182 kg<\/td>\n<\/tr>\n<tr>\n<td>Hareket \u0130letimi<\/td>\n<td>3 l\u00fc V Kay\u0131\u015f<\/td>\n<\/tr>\n<tr>\n<td>Max. Kullan\u0131labilir B\u0131\u00e7ak \u00c7ap\u0131<\/td>\n<td>\u00d8 600 mm<\/td>\n<\/tr>\n<tr>\n<td>Max Kesme Derinli\u011fi<\/td>\n<td>220 mm<\/td>\n<\/tr>\n<tr>\n<td rowspan=\"2\">Y\u00fcr\u00fcy\u00fc\u015f<\/td>\n<td rowspan=\"2\">Yar\u0131m Otomatik (YO)<\/td>\n<\/tr>\n<\/tbody>\n<\/table>\n<table width=\"482\">\n<tbody>\n<tr>\n<td width=\"265\">Su Tank\u0131<\/td>\n<td width=\"217\">110 lt<\/td>\n<\/tr>\n<tr>\n<td>Elektrikli Motor<\/td>\n<td>10 KW<\/td>\n<\/tr>\n<tr>\n<td width=\"265\">Benzinli Motor<\/td>\n<td rowspan=\"4\" width=\"217\">Honda GX690(688 cc)<\/td>\n<\/tr>\n<tr>\n<td><\/td>\n<\/tr>\n<tr>\n<td><\/td>\n<\/tr>\n<tr>\n<td><\/td>\n<\/tr>\n<tr>\n<td>Dizel Motor<\/td>\n<td>Hatz 1D81Z (15,0 HP)<\/td>\n<\/tr>\n<tr>\n<td><\/td>\n<td>Hatz 2G40(21,0HP)<\/td>\n<\/tr>\n<tr>\n<td><\/td>\n<td><\/td>\n<\/tr>\n<tr>\n<td><\/td>\n<td><\/td>\n<\/tr>\n<tr>\n<td rowspan=\"5\" width=\"265\">Standart \u00d6zellikler<\/td>\n<td width=\"217\">Entegre Su Tank\u0131-A\u011f\u0131r Hizmet Tipi \u015easi -3 Y\u00f6nl\u00fc Su P\u00fcsk\u00fcrtme Sistemi -\u0130ndirme Kald\u0131rma Kanca Yeri<\/td>\n<\/tr>\n<tr>\n<td width=\"217\">Harici Su Kayna\u011f\u0131 Ba\u011flant\u0131s\u0131<br \/>\nKesme Derinli\u011fi Sabitleme G\u00f6stergesi<br \/>\nKesme Derinlik G\u00f6stergesi<\/td>\n<\/tr>\n<tr>\n<td width=\"217\"><\/td>\n<\/tr>\n<tr>\n<td width=\"217\"><\/td>\n<\/tr>\n<tr>\n<td width=\"217\"><\/td>\n<\/tr>\n<tr>\n<td>Opsiyonel \u00d6zellikler<\/td>\n<td>\u00d8800 mm Maximum B\u0131\u00e7ak<\/td>\n<\/tr>\n<\/tbody>\n<\/table>\n<p>[\/et_pb_text][\/et_pb_column][\/et_pb_row][\/et_pb_section]<\/p>","protected":false},"excerpt":{"rendered":"<p>[et_pb_section admin_label=&#8221;section&#8221; background_image=&#8221;http:\/\/falcon-is.com\/wp-content\/uploads\/2016\/04\/BG2.jpg&#8221; transparent_background=&#8221;off&#8221; allow_player_pause=&#8221;off&#8221; inner_shadow=&#8221;off&#8221; parallax=&#8221;off&#8221; parallax_method=&#8221;off&#8221; padding_mobile=&#8221;off&#8221; make_fullwidth=&#8221;off&#8221; use_custom_width=&#8221;off&#8221; width_unit=&#8221;on&#8221; make_equal=&#8221;off&#8221; use_custom_gutter=&#8221;off&#8221;][et_pb_row admin_label=&#8221;row&#8221; make_fullwidth=&#8221;off&#8221; use_custom_width=&#8221;off&#8221; width_unit=&#8221;on&#8221; use_custom_gutter=&#8221;off&#8221; padding_mobile=&#8221;off&#8221; background_color=&#8221;#ffffff&#8221; allow_player_pause=&#8221;off&#8221; parallax=&#8221;off&#8221; parallax_method=&#8221;off&#8221; make_equal=&#8221;off&#8221; column_padding_mobile=&#8221;on&#8221;][et_pb_column type=&#8221;1_2&#8243;][et_pb_image admin_label=&#8221;G\u00f6r\u00fcnt\u00fc&#8221; src=&#8221;http:\/\/falcon-is.com\/wp-content\/uploads\/2016\/04\/fc180.jpg&#8221; show_in_lightbox=&#8221;off&#8221; url_new_window=&#8221;off&#8221; use_overlay=&#8221;off&#8221; animation=&#8221;left&#8221; sticky=&#8221;off&#8221; align=&#8221;left&#8221; force_fullwidth=&#8221;off&#8221; always_center_on_mobile=&#8221;on&#8221; use_border_color=&#8221;off&#8221; border_color=&#8221;#ffffff&#8221; border_style=&#8221;solid&#8221; \/][\/et_pb_column][et_pb_column type=&#8221;1_2&#8243;][et_pb_text admin_label=&#8221;Metin&#8221; background_layout=&#8221;light&#8221; text_orientation=&#8221;left&#8221; use_border_color=&#8221;off&#8221; border_color=&#8221;#ffffff&#8221; border_style=&#8221;solid&#8221;] MODEL FC180 \u00d6l\u00e7\u00fcler ( Boy x En [&hellip;]<\/p>\n","protected":false},"author":1,"featured_media":0,"parent":0,"menu_order":0,"comment_status":"closed","ping_status":"closed","template":"","meta":[],"_links":{"self":[{"href":"http:\/\/falcon-is.com\/tr\/wp-json\/wp\/v2\/pages\/297"}],"collection":[{"href":"http:\/\/falcon-is.com\/tr\/wp-json\/wp\/v2\/pages"}],"about":[{"href":"http:\/\/falcon-is.com\/tr\/wp-json\/wp\/v2\/types\/page"}],"author":[{"embeddable":true,"href":"http:\/\/falcon-is.com\/tr\/wp-json\/wp\/v2\/users\/1"}],"replies":[{"embeddable":true,"href":"http:\/\/falcon-is.com\/tr\/wp-json\/wp\/v2\/comments?post=297"}],"version-history":[{"count":1,"href":"http:\/\/falcon-is.com\/tr\/wp-json\/wp\/v2\/pages\/297\/revisions"}],"predecessor-version":[{"id":298,"href":"http:\/\/falcon-is.com\/tr\/wp-json\/wp\/v2\/pages\/297\/revisions\/298"}],"wp:attachment":[{"href":"http:\/\/falcon-is.com\/tr\/wp-json\/wp\/v2\/media?parent=297"}],"curies":[{"name":"wp","href":"https:\/\/api.w.org\/{rel}","templated":true}]}}