{"id":138,"date":"2016-04-26T09:02:46","date_gmt":"2016-04-26T09:02:46","guid":{"rendered":"http:\/\/falcon-is.com\/?page_id=138"},"modified":"2016-04-27T11:41:53","modified_gmt":"2016-04-27T11:41:53","slug":"turkish-hakkimizda","status":"publish","type":"page","link":"http:\/\/falcon-is.com\/tr\/turkish-hakkimizda\/","title":{"rendered":"Hakk\u0131m\u0131zda"},"content":{"rendered":"<p>[et_pb_section admin_label=&#8221;section&#8221; background_image=&#8221;http:\/\/falcon-is.com\/wp-content\/uploads\/2016\/04\/BG2.jpg&#8221; transparent_background=&#8221;off&#8221; background_color=&#8221;#ffffff&#8221; allow_player_pause=&#8221;off&#8221; inner_shadow=&#8221;off&#8221; parallax=&#8221;off&#8221; parallax_method=&#8221;off&#8221; padding_mobile=&#8221;off&#8221; make_fullwidth=&#8221;off&#8221; use_custom_width=&#8221;off&#8221; width_unit=&#8221;on&#8221; make_equal=&#8221;off&#8221; use_custom_gutter=&#8221;off&#8221;][et_pb_row admin_label=&#8221;row&#8221; make_fullwidth=&#8221;off&#8221; use_custom_width=&#8221;off&#8221; width_unit=&#8221;on&#8221; use_custom_gutter=&#8221;off&#8221; padding_mobile=&#8221;off&#8221; background_color=&#8221;#ffffff&#8221; allow_player_pause=&#8221;off&#8221; parallax=&#8221;off&#8221; parallax_method=&#8221;off&#8221; make_equal=&#8221;off&#8221; parallax_1=&#8221;off&#8221; parallax_method_1=&#8221;off&#8221; column_padding_mobile=&#8221;on&#8221;][et_pb_column type=&#8221;4_4&#8243;][et_pb_text admin_label=&#8221;Metin&#8221; background_layout=&#8221;light&#8221; text_orientation=&#8221;left&#8221; use_border_color=&#8221;off&#8221; border_color=&#8221;#ffffff&#8221; border_style=&#8221;solid&#8221; custom_padding=&#8221;10px|10px|10px|10px&#8221;]<\/p>\n<p>KAL\u0130TE FARKIMIZ , FALCON KAZANCINIZDIR.<\/p>\n<p>1987 y\u0131l\u0131ndan g\u00fcn\u00fcm\u00fcze kadar, Hafif \u0130n\u015faat Makinalar\u0131 \u00fcretiminde, Profesyonel kadro, kalite , \u00fcr\u00fcn \u00e7e\u015fitlili\u011fi , y\u00fcksek verim ve performans, minimum i\u015f\u00e7ilik ,<br \/>\n\u00f6zg\u00fcn tasar\u0131m, uzun \u00f6m\u00fcr ve yedek par\u00e7a temini ile T\u00fcrkiye\u2019de fabrikasyon imalat\u0131 yapan ilk firmay\u0131z.<\/p>\n<p>\u00dcr\u00fcnlerimiz; end\u00fcstriyel beton, fabrika, saha, otopark, hava alanlar\u0131, beton yol ve monolitik kat betonu uygulamalar\u0131nda Laser sistemli, teleskopik kollu, \u00f6zel \u00fcretim mastarlar ile kullan\u0131lmakta olup, ayr\u0131ca; Epoksi zemin kaplamalar\u0131, tarak mozaik, yol \u00e7izgi tamir i\u015flerinde ihtiya\u00e7 duyulabilece\u011finiz, k\u0131sa zamanda zor i\u015flerinizi kolayla\u015ft\u0131racak,\u00a0zemin freze ve mozaik silme makinalar\u0131m\u0131zda \u00fcr\u00fcn grubumuzun aras\u0131nda yer almaktad\u0131r.<\/p>\n<p>Yurt i\u00e7i ve yurt d\u0131\u015f\u0131 kurumsal firmalar\u0131n projelerinde \u00e7\u00f6z\u00fcm orta\u011f\u0131y\u0131z.<\/p>\n<p>[\/et_pb_text][\/et_pb_column][\/et_pb_row][\/et_pb_section]<\/p>","protected":false},"excerpt":{"rendered":"<p>[et_pb_section admin_label=&#8221;section&#8221; background_image=&#8221;http:\/\/falcon-is.com\/wp-content\/uploads\/2016\/04\/BG2.jpg&#8221; transparent_background=&#8221;off&#8221; background_color=&#8221;#ffffff&#8221; allow_player_pause=&#8221;off&#8221; inner_shadow=&#8221;off&#8221; parallax=&#8221;off&#8221; parallax_method=&#8221;off&#8221; padding_mobile=&#8221;off&#8221; make_fullwidth=&#8221;off&#8221; use_custom_width=&#8221;off&#8221; width_unit=&#8221;on&#8221; make_equal=&#8221;off&#8221; use_custom_gutter=&#8221;off&#8221;][et_pb_row admin_label=&#8221;row&#8221; make_fullwidth=&#8221;off&#8221; use_custom_width=&#8221;off&#8221; width_unit=&#8221;on&#8221; use_custom_gutter=&#8221;off&#8221; padding_mobile=&#8221;off&#8221; background_color=&#8221;#ffffff&#8221; allow_player_pause=&#8221;off&#8221; parallax=&#8221;off&#8221; parallax_method=&#8221;off&#8221; make_equal=&#8221;off&#8221; parallax_1=&#8221;off&#8221; parallax_method_1=&#8221;off&#8221; column_padding_mobile=&#8221;on&#8221;][et_pb_column type=&#8221;4_4&#8243;][et_pb_text admin_label=&#8221;Metin&#8221; background_layout=&#8221;light&#8221; text_orientation=&#8221;left&#8221; use_border_color=&#8221;off&#8221; border_color=&#8221;#ffffff&#8221; border_style=&#8221;solid&#8221; custom_padding=&#8221;10px|10px|10px|10px&#8221;] KAL\u0130TE FARKIMIZ , FALCON KAZANCINIZDIR. 1987 y\u0131l\u0131ndan g\u00fcn\u00fcm\u00fcze kadar, Hafif \u0130n\u015faat Makinalar\u0131 \u00fcretiminde, Profesyonel kadro, kalite , \u00fcr\u00fcn [&hellip;]<\/p>\n","protected":false},"author":1,"featured_media":0,"parent":0,"menu_order":0,"comment_status":"closed","ping_status":"closed","template":"","meta":[],"_links":{"self":[{"href":"http:\/\/falcon-is.com\/tr\/wp-json\/wp\/v2\/pages\/138"}],"collection":[{"href":"http:\/\/falcon-is.com\/tr\/wp-json\/wp\/v2\/pages"}],"about":[{"href":"http:\/\/falcon-is.com\/tr\/wp-json\/wp\/v2\/types\/page"}],"author":[{"embeddable":true,"href":"http:\/\/falcon-is.com\/tr\/wp-json\/wp\/v2\/users\/1"}],"replies":[{"embeddable":true,"href":"http:\/\/falcon-is.com\/tr\/wp-json\/wp\/v2\/comments?post=138"}],"version-history":[{"count":3,"href":"http:\/\/falcon-is.com\/tr\/wp-json\/wp\/v2\/pages\/138\/revisions"}],"predecessor-version":[{"id":143,"href":"http:\/\/falcon-is.com\/tr\/wp-json\/wp\/v2\/pages\/138\/revisions\/143"}],"wp:attachment":[{"href":"http:\/\/falcon-is.com\/tr\/wp-json\/wp\/v2\/media?parent=138"}],"curies":[{"name":"wp","href":"https:\/\/api.w.org\/{rel}","templated":true}]}}