{"id":314,"date":"2016-04-28T11:05:23","date_gmt":"2016-04-28T11:05:23","guid":{"rendered":"http:\/\/falcon-is.com\/?page_id=314"},"modified":"2016-04-28T11:06:36","modified_gmt":"2016-04-28T11:06:36","slug":"sirt-canta-tipi-vibrator","status":"publish","type":"page","link":"http:\/\/falcon-is.com\/de\/sirt-canta-tipi-vibrator\/","title":{"rendered":"S\u0131rt \u00c7anta Tipi Vibrat\u00f6r"},"content":{"rendered":"<p class=\"qtranxs-available-languages-message qtranxs-available-languages-message-de\">Leider ist der Eintrag nur auf <a href=\"http:\/\/falcon-is.com\/tr\/wp-json\/wp\/v2\/pages\/314\" class=\"qtranxs-available-language-link qtranxs-available-language-link-tr\" title=\"Turkish\">T\u00fcrkisch<\/a> verf\u00fcgbar.<\/p>","protected":false},"excerpt":{"rendered":"<p>Leider ist der Eintrag nur auf T\u00fcrkisch verf\u00fcgbar.<\/p>\n","protected":false},"author":1,"featured_media":0,"parent":0,"menu_order":0,"comment_status":"closed","ping_status":"closed","template":"","meta":[],"_links":{"self":[{"href":"http:\/\/falcon-is.com\/de\/wp-json\/wp\/v2\/pages\/314"}],"collection":[{"href":"http:\/\/falcon-is.com\/de\/wp-json\/wp\/v2\/pages"}],"about":[{"href":"http:\/\/falcon-is.com\/de\/wp-json\/wp\/v2\/types\/page"}],"author":[{"embeddable":true,"href":"http:\/\/falcon-is.com\/de\/wp-json\/wp\/v2\/users\/1"}],"replies":[{"embeddable":true,"href":"http:\/\/falcon-is.com\/de\/wp-json\/wp\/v2\/comments?post=314"}],"version-history":[{"count":2,"href":"http:\/\/falcon-is.com\/de\/wp-json\/wp\/v2\/pages\/314\/revisions"}],"predecessor-version":[{"id":316,"href":"http:\/\/falcon-is.com\/de\/wp-json\/wp\/v2\/pages\/314\/revisions\/316"}],"wp:attachment":[{"href":"http:\/\/falcon-is.com\/de\/wp-json\/wp\/v2\/media?parent=314"}],"curies":[{"name":"wp","href":"https:\/\/api.w.org\/{rel}","templated":true}]}}