{"id":198,"date":"2016-04-27T11:48:20","date_gmt":"2016-04-27T11:48:20","guid":{"rendered":"http:\/\/falcon-is.com\/?page_id=198"},"modified":"2016-04-28T11:34:43","modified_gmt":"2016-04-28T11:34:43","slug":"t75x2-kenar-kose-ciftli-perdah","status":"publish","type":"page","link":"http:\/\/falcon-is.com\/de\/t75x2-kenar-kose-ciftli-perdah\/","title":{"rendered":"T75X2 Kenar K\u00f6\u015fe \u00c7iftli Perdah"},"content":{"rendered":"<p class=\"qtranxs-available-languages-message qtranxs-available-languages-message-de\">Leider ist der Eintrag nur auf <a href=\"http:\/\/falcon-is.com\/tr\/wp-json\/wp\/v2\/pages\/198\" class=\"qtranxs-available-language-link qtranxs-available-language-link-tr\" title=\"Turkish\">T\u00fcrkisch<\/a> verf\u00fcgbar.<\/p>","protected":false},"excerpt":{"rendered":"<p>Leider ist der Eintrag nur auf T\u00fcrkisch verf\u00fcgbar.<\/p>\n","protected":false},"author":1,"featured_media":0,"parent":0,"menu_order":0,"comment_status":"closed","ping_status":"closed","template":"","meta":[],"_links":{"self":[{"href":"http:\/\/falcon-is.com\/de\/wp-json\/wp\/v2\/pages\/198"}],"collection":[{"href":"http:\/\/falcon-is.com\/de\/wp-json\/wp\/v2\/pages"}],"about":[{"href":"http:\/\/falcon-is.com\/de\/wp-json\/wp\/v2\/types\/page"}],"author":[{"embeddable":true,"href":"http:\/\/falcon-is.com\/de\/wp-json\/wp\/v2\/users\/1"}],"replies":[{"embeddable":true,"href":"http:\/\/falcon-is.com\/de\/wp-json\/wp\/v2\/comments?post=198"}],"version-history":[{"count":2,"href":"http:\/\/falcon-is.com\/de\/wp-json\/wp\/v2\/pages\/198\/revisions"}],"predecessor-version":[{"id":202,"href":"http:\/\/falcon-is.com\/de\/wp-json\/wp\/v2\/pages\/198\/revisions\/202"}],"wp:attachment":[{"href":"http:\/\/falcon-is.com\/de\/wp-json\/wp\/v2\/media?parent=198"}],"curies":[{"name":"wp","href":"https:\/\/api.w.org\/{rel}","templated":true}]}}